{"id":13,"date":"2024-03-20T08:34:19","date_gmt":"2024-03-20T08:34:19","guid":{"rendered":"https:\/\/hotelhome.fr\/?page_id=13"},"modified":"2024-06-13T08:18:40","modified_gmt":"2024-06-13T08:18:40","slug":"accueil-2-2","status":"publish","type":"page","link":"https:\/\/hotelhome.fr\/en\/accueil-2-2\/","title":{"rendered":"services"},"content":{"rendered":"<p>[et_pb_section admin_label=\u00a0\u00bbsection\u00a0\u00bb]<br \/>\n\t\t\t[et_pb_row admin_label=\u00a0\u00bbrow\u00a0\u00bb]<br \/>\n\t\t\t\t[et_pb_column type=\u00a0\u00bb4_4&Prime;][\/et_pb_column]<br \/>\n\t\t\t[\/et_pb_row]<br \/>\n\t\t[\/et_pb_section]<\/p>","protected":false},"excerpt":{"rendered":"","protected":false},"author":1,"featured_media":0,"parent":0,"menu_order":0,"comment_status":"closed","ping_status":"closed","template":"","meta":{"_et_pb_use_builder":"on","_et_pb_old_content":"","_et_gb_content_width":"","footnotes":""},"class_list":["post-13","page","type-page","status-publish","hentry"],"yoast_head":"<!-- This site is optimized with the Yoast SEO plugin v26.9 - https:\/\/yoast.com\/product\/yoast-seo-wordpress\/ -->\n<title>services - H\u00f4telHome Paris 16<\/title>\n<meta name=\"robots\" content=\"index, follow, max-snippet:-1, max-image-preview:large, max-video-preview:-1\" \/>\n<link rel=\"canonical\" href=\"https:\/\/hotelhome.fr\/en\/accueil-2-2\/\" \/>\n<meta property=\"og:locale\" content=\"en_GB\" \/>\n<meta property=\"og:type\" content=\"article\" \/>\n<meta property=\"og:title\" content=\"services - H\u00f4telHome Paris 16\" \/>\n<meta property=\"og:url\" content=\"https:\/\/hotelhome.fr\/en\/accueil-2-2\/\" \/>\n<meta property=\"og:site_name\" content=\"H\u00f4telHome Paris 16\" \/>\n<meta property=\"article:modified_time\" content=\"2024-06-13T08:18:40+00:00\" \/>\n<meta name=\"twitter:card\" content=\"summary_large_image\" \/>\n<script type=\"application\/ld+json\" class=\"yoast-schema-graph\">{\"@context\":\"https:\/\/schema.org\",\"@graph\":[{\"@type\":\"WebPage\",\"@id\":\"https:\/\/hotelhome.fr\/accueil-2-2\/\",\"url\":\"https:\/\/hotelhome.fr\/accueil-2-2\/\",\"name\":\"services - H\u00f4telHome Paris 16\",\"isPartOf\":{\"@id\":\"https:\/\/hotelhome.fr\/#website\"},\"datePublished\":\"2024-03-20T08:34:19+00:00\",\"dateModified\":\"2024-06-13T08:18:40+00:00\",\"breadcrumb\":{\"@id\":\"https:\/\/hotelhome.fr\/accueil-2-2\/#breadcrumb\"},\"inLanguage\":\"en-GB\",\"potentialAction\":[{\"@type\":\"ReadAction\",\"target\":[\"https:\/\/hotelhome.fr\/accueil-2-2\/\"]}]},{\"@type\":\"BreadcrumbList\",\"@id\":\"https:\/\/hotelhome.fr\/accueil-2-2\/#breadcrumb\",\"itemListElement\":[{\"@type\":\"ListItem\",\"position\":1,\"name\":\"Accueil\",\"item\":\"https:\/\/hotelhome.fr\/\"},{\"@type\":\"ListItem\",\"position\":2,\"name\":\"services\"}]},{\"@type\":\"WebSite\",\"@id\":\"https:\/\/hotelhome.fr\/#website\",\"url\":\"https:\/\/hotelhome.fr\/\",\"name\":\"H\u00f4telHome Paris 16\",\"description\":\"H\u00f4tel du 16\u00e8me arrondissement \u00e0 Paris quartier d&#039;auteuil\",\"potentialAction\":[{\"@type\":\"SearchAction\",\"target\":{\"@type\":\"EntryPoint\",\"urlTemplate\":\"https:\/\/hotelhome.fr\/?s={search_term_string}\"},\"query-input\":{\"@type\":\"PropertyValueSpecification\",\"valueRequired\":true,\"valueName\":\"search_term_string\"}}],\"inLanguage\":\"en-GB\"}]}<\/script>\n<!-- \/ Yoast SEO plugin. -->","yoast_head_json":{"title":"services - H\u00f4telHome Paris 16","robots":{"index":"index","follow":"follow","max-snippet":"max-snippet:-1","max-image-preview":"max-image-preview:large","max-video-preview":"max-video-preview:-1"},"canonical":"https:\/\/hotelhome.fr\/en\/accueil-2-2\/","og_locale":"en_GB","og_type":"article","og_title":"services - H\u00f4telHome Paris 16","og_url":"https:\/\/hotelhome.fr\/en\/accueil-2-2\/","og_site_name":"H\u00f4telHome Paris 16","article_modified_time":"2024-06-13T08:18:40+00:00","twitter_card":"summary_large_image","schema":{"@context":"https:\/\/schema.org","@graph":[{"@type":"WebPage","@id":"https:\/\/hotelhome.fr\/accueil-2-2\/","url":"https:\/\/hotelhome.fr\/accueil-2-2\/","name":"services - H\u00f4telHome Paris 16","isPartOf":{"@id":"https:\/\/hotelhome.fr\/#website"},"datePublished":"2024-03-20T08:34:19+00:00","dateModified":"2024-06-13T08:18:40+00:00","breadcrumb":{"@id":"https:\/\/hotelhome.fr\/accueil-2-2\/#breadcrumb"},"inLanguage":"en-GB","potentialAction":[{"@type":"ReadAction","target":["https:\/\/hotelhome.fr\/accueil-2-2\/"]}]},{"@type":"BreadcrumbList","@id":"https:\/\/hotelhome.fr\/accueil-2-2\/#breadcrumb","itemListElement":[{"@type":"ListItem","position":1,"name":"Accueil","item":"https:\/\/hotelhome.fr\/"},{"@type":"ListItem","position":2,"name":"services"}]},{"@type":"WebSite","@id":"https:\/\/hotelhome.fr\/#website","url":"https:\/\/hotelhome.fr\/","name":"HotelHome Paris 16","description":"Hotel in the 16th arrondissement in Paris, Auteuil district","potentialAction":[{"@type":"SearchAction","target":{"@type":"EntryPoint","urlTemplate":"https:\/\/hotelhome.fr\/?s={search_term_string}"},"query-input":{"@type":"PropertyValueSpecification","valueRequired":true,"valueName":"search_term_string"}}],"inLanguage":"en-GB"}]}},"_links":{"self":[{"href":"https:\/\/hotelhome.fr\/en\/wp-json\/wp\/v2\/pages\/13","targetHints":{"allow":["GET"]}}],"collection":[{"href":"https:\/\/hotelhome.fr\/en\/wp-json\/wp\/v2\/pages"}],"about":[{"href":"https:\/\/hotelhome.fr\/en\/wp-json\/wp\/v2\/types\/page"}],"author":[{"embeddable":true,"href":"https:\/\/hotelhome.fr\/en\/wp-json\/wp\/v2\/users\/1"}],"replies":[{"embeddable":true,"href":"https:\/\/hotelhome.fr\/en\/wp-json\/wp\/v2\/comments?post=13"}],"version-history":[{"count":2,"href":"https:\/\/hotelhome.fr\/en\/wp-json\/wp\/v2\/pages\/13\/revisions"}],"predecessor-version":[{"id":1201,"href":"https:\/\/hotelhome.fr\/en\/wp-json\/wp\/v2\/pages\/13\/revisions\/1201"}],"wp:attachment":[{"href":"https:\/\/hotelhome.fr\/en\/wp-json\/wp\/v2\/media?parent=13"}],"curies":[{"name":"wp","href":"https:\/\/api.w.org\/{rel}","templated":true}]}}