{"id":376,"date":"2024-03-25T14:31:23","date_gmt":"2024-03-25T14:31:23","guid":{"rendered":"https:\/\/hotelhome.fr\/?page_id=376"},"modified":"2024-07-18T13:39:47","modified_gmt":"2024-07-18T13:39:47","slug":"contact","status":"publish","type":"page","link":"https:\/\/hotelhome.fr\/en\/contact\/","title":{"rendered":"contact"},"content":{"rendered":"<p>[et_pb_section fb_built= \u00bb1\u2033 admin_label= \u00bbContact Info \u00bb _builder_version= \u00bb4.25.1\u2033 _module_preset= \u00bbdefault \u00bb custom_margin= \u00bb0px||-59px||false|false \u00bb custom_padding= \u00bb1px||0px||| \u00bb collapsed= \u00bboff \u00bb global_colors_info= \u00bb{} \u00bb][et_pb_row make_equal= \u00bbon \u00bb _builder_version= \u00bb4.25.1\u2033 _module_preset= \u00bbdefault \u00bb width= \u00bb90% \u00bb max_width= \u00bb2000px \u00bb min_height= \u00bb386.5px \u00bb custom_padding= \u00bb20px|15px|10px|15px|false|false \u00bb global_colors_info= \u00bb{} \u00bb][et_pb_column type= \u00bb4_4\u2033 _builder_version= \u00bb4.24.2\u2033 _module_preset= \u00bbdefault \u00bb custom_padding= \u00bb5%||5%||false| false \u00bb custom_padding_tablet= \u00bb0px||0px||true|false \u00bb custom_padding_phone= \u00bb0px||0px||true|false \u00bb custom_padding_last_edited= \u00bbon|desktop \u00bb global_colors_info= \u00bb{} \u00bb][et_pb_text _builder_version= \u00bb4.25.1\u2033 _module_preset= \u00bb_initial \u00bb header_4_font= \u00bb|||||||| \u00bb header_4_font_size= \u00bb36px \u00bb header_4_line_height= \u00bb1.4em \u00bb text_orientation= \u00bbcenter \u00bb custom_margin= \u00bb||0px||false|false \u00bb header_4_font_size_tablet= \u00bb18px \u00bb header_4_font_size_phone= \u00bb15px \u00bb header_4_font_size_last_edited= \u00bbon|desktop \u00bb global_ colors_info= \u00bb{ } \u00bb]<\/p>\n<h1>Contact details<\/h1>\n<p><img loading=\"lazy\" decoding=\"async\" src=\"https:\/\/hotelhome.fr\/wp-content\/uploads\/2024\/03\/NicePng_corner-ornament-png_3773327-300x46.png\" width=\"300\" height=\"46\" alt=\"\" class=\"wp-image-146 alignnone size-medium\" \/><\/p>\n<p>[\/et_pb_text][et_pb_text _builder_version= \u00bb4.25.1\u2033 _module_preset= \u00bb_initial \u00bb header_text_color= \u00bb#000000\u2033 header_4_font= \u00bb|||||||| \u00bb header_4_font_size= \u00bb36px \u00bb header_4_line_height= \u00bb1.4em \u00bb text_orientation= \u00bbcenter \u00bb custom_margin= \u00bb28px||0px||false|false \u00bb custom_padding= \u00bb||12px||| \u00bb hover_enabled= \u00bb0\u2033 header_font_tablet= \u00bb \u00bb header_font_phone= \u00bb \u00bb header_font_last_edited= \u00bbon|phone \u00bb header_4_font_size_tablet= \u00bb18px \u00bb header_4_font_size_phone= \u00bb15px \u00bb header_4_font_size_last_edited= \u00bbon|desktop \u00bb global_colors_info= \u00bb{} \u00bb sticky _enabled= \u00bb0\u2033]<\/p>\n<h2 class=\"vc_custom_heading\">HotelHome Paris 16<\/h2>\n<div class=\"wpb_text_column wpb_content_element  post-formatting\">\n<div class=\"wpb_wrapper\">\n<p>36 Rue George Sand<br \/>75016 Paris, France<\/p>\n<p>&nbsp;<\/p>\n<h5><a href=\"mailto:hotelhome@hotelhome.fr\">hotelhome@hotelhome.fr<\/a><\/h5>\n<h5><strong><\/strong><strong>+33 <span>01 76 36 10 22<\/span><\/strong><\/h5>\n<\/div>\n<\/div>\n<p>[\/et_pb_text][\/et_pb_column][\/et_pb_row][\/et_pb_section][et_pb_section fb_built= \u00bb1\u2033 admin_label= \u00bbContact Form \u00bb _builder_version= \u00bb4.25.1\u2033 _module_preset= \u00bbdefault \u00bb custom_margin= \u00bb||-3px|| false|false \u00bb custom_padding= \u00bb13px||||| \u00bb collapsed= \u00bboff \u00bb global_colors_info= \u00bb{} \u00bb][et_pb_row _builder_version= \u00bb4.24.1\u2033 _module_preset= \u00bbdefault \u00bb max_width= \u00bb900px \u00bb global_colors_info= \u00bb{} \u00bb][et_pb_column type= \u00bb4_4\u2033 _builder_version= \u00bb4.24 .1\u2033 _module_preset= \u00bbdefault \u00bb global_colors_info= \u00bb{} \u00bb][et_pb_divider color= \u00bb#8f7f5d \u00bb divider_weight= \u00bb1px \u00bb _builder_version= \u00bb4.25.1\u2033 _module_preset= \u00bbdefault \u00bb global_colors_info= \u00bb{} \u00bb][\/et_pb_divider] [et_pb_text _builder_version= \u00bb4.25.1\u2033 _module_preset= \u00bb_initial \u00bb header_2_font= \u00bb|||||||| \u00bb header_2_line_height= \u00bb1.3em \u00bb text_orientation= \u00bbcenter \u00bb hover_enabled= \u00bb0\u2033 header_2_font_size_tablet= \u00bb32px \u00bb header_2_font_size_phone= \u00bb20px \u00bb header_2_font_size_last_edited= \u00bboff|desktop \u00bb global_colors_info= \u00bb{} \u00bb sticky_enabled= \u00bb0\u2033]<\/p>\n<h2>Would you like more information?<\/h2>\n<div class=\"wpb_text_column wpb_content_element  post-formatting\">\n<div class=\"wpb_wrapper\">\n<h4>Send us a message, we will respond quickly<\/h4>\n<\/div>\n<\/div>\n<p>[\/et_pb_text] .255.0) \u00bb form_field_focus_text_color= \u00bb#000000\u2033 form_field_custom_padding= \u00bb|0px||0px|false|true \u00bb form_field_font= \u00bbArial|||||||| \u00bb form_field_font_size= \u00bb16px \u00bb form_field_line_height= \u00bb1.6em \u00bb custom_button= \u00bbon \u00bb button_text_size= \u00bb14px \u00bb button_text_color= \u00bb#FFFFFF \u00bb button_bg_color= \u00bb#000000\u2033 button_border_width= \u00bb0px \u00bb button_border_radius= \u00bb0px \u00bb button_letter_spacing= \u00bb0.1em \u00bb button_font= \u00bbArial|700||on||||| \u00bb button_custom_padding= \u00bb20px|30px|20px|30px|true|true \u00bb form_field_font_size_tablet= \u00bb15px \u00bb form_field_font_size_phone= \u00bb14px \u00bb form_field_font_size_last_edited= \u00bbon|desktop \u00bb border_color_all= \u00bb#000000\u2033 border_width_bottom= \u00bb2 px \u00bb locked= \u00bboff \u00bb global_colors_info= \u00bb{} \u00bb][et_pb_contact_field field_id= \u00bbName \u00bb field_title= \u00bbName \u00bb fullwidth_field= \u00bbon \u00bb _builder_version= \u00bb4.24.2\u2033 _module_preset= \u00bbdefault \u00bb global_colors_info= \u00bb{} \u00bb button_text_size__hover_enabled= \u00bboff \u00bb button_one_text_size__hover_enabled= \u00bboff \u00bb button_two_text_size__hover_enabled= \u00bboff \u00bb button_text_color__hover_enabled= \u00bboff \u00bb button_one_text_color__hover_enabled= \u00bboff \u00bb button_two_text_color__hover_enabled= \u00bboff \u00bb button_border_width__hover_enabled= \u00bboff \u00bb button_one_border_width__hover_enabled= \u00bboff \u00bb button_two_border_width__hover _enabled= \u00bboff \u00bb button_border_color__hover_enabled= \u00bboff \u00bb button_one_border_color__hover_enabled= \u00bboff \u00bb button_two_border_color__hover_enabled= \u00bboff \u00bb button_border_radius__hover_enabled= \u00bboff \u00bb button_one_border_radius__hover_enabled= \u00bboff \u00bb button_two_border_radius__hover_enabled= \u00bboff \u00bb button_letter_spacing__hover_enabled= \u00bboff \u00bb button_one_letter_spacing__hover_enabled= \u00bboff \u00bb button_two_letter_spacing__hover_enabled= \u00bboff \u00bb button_bg_color__hover_enabled= \u00bboff \u00bb button_one_bg_color__hover_enabled= \u00bboff \u00bb button_two_bg_color__hover_enabled= \u00bboff \u00bb][\/et_pb_ contact_field][et_pb_contact_field field_id= \u00bbPhone \u00bb field_title= \u00bbPhone \u00bb fullwidth_field= \u00bb on \u00bb _builder_version= \u00bb4.24.2\u2033 _module_preset= \u00bbdefault \u00bb global_colors_info= \u00bb{} \u00bb][\/et_pb_contact_field][et_pb_contact_field field_id= \u00bbEmail \u00bb field_title= \u00bbEmail \u00bb field_type= \u00bbemail \u00bb fullwidth_field= \u00bbon \u00bb _builder_version= \u00bb4.24.2\u2033 _module_preset= \u00bbdefault \u00bb global_colors_info= \u00bb{} \u00bb button_text_size__hover_enabled= \u00bboff \u00bb button_one_text_size__hover_enabled= \u00bboff \u00bb button_two_text_size__hover_enabled= \u00bboff \u00bb button_text_color__hover_enabled= \u00bboff \u00bb button_one_text_color__hover_enable d= \u00bboff \u00bb button_two_text_color__hover_enabled= \u00bboff \u00bb button_border_width__hover_enabled = \u00bboff \u00bb button_one_border_width__hover_enabled = \u00bboff \u00bb button_two_border_width__hover_enabled = \u00bboff \u00bb button_border_color__hover_enabled = \u00bboff \u00bb button_one_border_color__hover_enabled = \u00bboff \u00bb button_two_border_color__hover_enabled= \u00bboff \u00bb button_border_radius__hover_enabled= \u00bboff \u00bb button_one_border_radius__hover_enabled= \u00bboff \u00bb button_two_border_radius__hover_enabled= \u00bboff \u00bb button_letter_spacing__hover_enabled= \u00bboff \u00bb button_one_letter_spacing__hover_enabled= \u00bboff \u00bb button_two_letter _spacing__hover_enabled= \u00bboff \u00bb button_bg_color__hover_enabled= \u00bboff \u00bb button_one_bg_color__hover_enabled= \u00bboff \u00bb button_two_bg_color__hover_enabled= \u00bboff \u00bb ][\/et_pb_contact_field][et_pb_contact_field field_id= \u00bbMessage \u00bb field_title= \u00bbMessage \u00bb field_type= \u00bbtext \u00bb fullwidth_field= \u00bbon \u00bb _builder_version= \u00bb4.16\u2033 _module_preset= \u00bbdefault \u00bb global_colors_info= \u00bb{} \u00bb button_text_size__hover_enabled= \u00bboff \u00bb button_one_text_size__hover_enabled= \u00bboff \u00bb button_two_text_size__hover_enabled= \u00bboff \u00bb button_text_color__hover_enabled= \u00bboff \u00bb button_one_text_color__hover_enabled= \u00bboff \u00bb button_two_text_color__hover_enabled= \u00bboff \u00bb button_border_width__hover_enabled= \u00bb off \u00bb button_one_border_width__hover_enabled= \u00bboff \u00bb button_two_border_width__hover_enabled= \u00bboff \u00bb button_border_color__hover_enabled= \u00bboff \u00bb button_one_border_color__hover_enabled= \u00bboff \u00bb button_two_border_color__hover_enabled= \u00bboff \u00bb button_border_radius__hover_enabled= \u00bboff \u00bb button_one_border_radius__hover_enabled= \u00bboff \u00bb button_two_border_radius__hover_enabled= \u00bboff \u00bb button_letter_spacing__hover_enabled= \u00bboff \u00bb button_one_letter_spacing__hover_enabled= \u00bboff \u00bb button_two_letter _spacing__hover_enabled= \u00bboff \u00bb button_bg_color__hover_enabled= \u00bboff \u00bb button_one_bg_color__hover_enabled= \u00bboff \u00bb button_two_bg_color__hover_enabled= \u00bboff \u00bb ][\/et_pb_contact_field][\/et_pb_contact_form][\/et_pb_column][\/et_pb_row][\/et_pb_section]<\/p>","protected":false},"excerpt":{"rendered":"<p>Contact details H\u00f4telHome Paris 16 36 Rue George Sand75016 Paris, France hotelhome@hotelhome.fr +33 01 76 36 10 22 Would you like more information? Send us a message, we will respond quickly<\/p>","protected":false},"author":1,"featured_media":0,"parent":0,"menu_order":0,"comment_status":"closed","ping_status":"closed","template":"","meta":{"_et_pb_use_builder":"on","_et_pb_old_content":"","_et_gb_content_width":"","footnotes":""},"class_list":["post-376","page","type-page","status-publish","hentry"],"yoast_head":"<!-- This site is optimized with the Yoast SEO plugin v26.9 - https:\/\/yoast.com\/product\/yoast-seo-wordpress\/ -->\n<title>contact - H\u00f4telHome Paris 16<\/title>\n<meta name=\"robots\" content=\"index, follow, max-snippet:-1, max-image-preview:large, max-video-preview:-1\" \/>\n<link rel=\"canonical\" href=\"https:\/\/hotelhome.fr\/en\/contact\/\" \/>\n<meta property=\"og:locale\" content=\"en_GB\" \/>\n<meta property=\"og:type\" content=\"article\" \/>\n<meta property=\"og:title\" content=\"contact - H\u00f4telHome Paris 16\" \/>\n<meta property=\"og:description\" content=\"Coordonn\u00e9es H\u00f4telHome Paris 16 36 Rue George Sand75016 Paris, France &nbsp; hotelhome@hotelhome.fr +33 01 76 36 10 22 Vous souhaitez plus d&#039;information ? Envoyez-nous un message, nous vous r\u00e9pondrons rapidement\" \/>\n<meta property=\"og:url\" content=\"https:\/\/hotelhome.fr\/en\/contact\/\" \/>\n<meta property=\"og:site_name\" content=\"H\u00f4telHome Paris 16\" \/>\n<meta property=\"article:modified_time\" content=\"2024-07-18T13:39:47+00:00\" \/>\n<meta property=\"og:image\" content=\"https:\/\/hotelhome.fr\/wp-content\/uploads\/2024\/03\/NicePng_corner-ornament-png_3773327-300x46.png\" \/>\n<meta name=\"twitter:card\" content=\"summary_large_image\" \/>\n<meta name=\"twitter:label1\" content=\"Estimated reading time\" \/>\n\t<meta name=\"twitter:data1\" content=\"5 minutes\" \/>\n<script type=\"application\/ld+json\" class=\"yoast-schema-graph\">{\"@context\":\"https:\/\/schema.org\",\"@graph\":[{\"@type\":\"WebPage\",\"@id\":\"https:\/\/hotelhome.fr\/contact\/\",\"url\":\"https:\/\/hotelhome.fr\/contact\/\",\"name\":\"contact - H\u00f4telHome Paris 16\",\"isPartOf\":{\"@id\":\"https:\/\/hotelhome.fr\/#website\"},\"primaryImageOfPage\":{\"@id\":\"https:\/\/hotelhome.fr\/contact\/#primaryimage\"},\"image\":{\"@id\":\"https:\/\/hotelhome.fr\/contact\/#primaryimage\"},\"thumbnailUrl\":\"https:\/\/hotelhome.fr\/wp-content\/uploads\/2024\/03\/NicePng_corner-ornament-png_3773327-300x46.png\",\"datePublished\":\"2024-03-25T14:31:23+00:00\",\"dateModified\":\"2024-07-18T13:39:47+00:00\",\"breadcrumb\":{\"@id\":\"https:\/\/hotelhome.fr\/contact\/#breadcrumb\"},\"inLanguage\":\"en-GB\",\"potentialAction\":[{\"@type\":\"ReadAction\",\"target\":[\"https:\/\/hotelhome.fr\/contact\/\"]}]},{\"@type\":\"ImageObject\",\"inLanguage\":\"en-GB\",\"@id\":\"https:\/\/hotelhome.fr\/contact\/#primaryimage\",\"url\":\"https:\/\/hotelhome.fr\/wp-content\/uploads\/2024\/03\/NicePng_corner-ornament-png_3773327-300x46.png\",\"contentUrl\":\"https:\/\/hotelhome.fr\/wp-content\/uploads\/2024\/03\/NicePng_corner-ornament-png_3773327-300x46.png\"},{\"@type\":\"BreadcrumbList\",\"@id\":\"https:\/\/hotelhome.fr\/contact\/#breadcrumb\",\"itemListElement\":[{\"@type\":\"ListItem\",\"position\":1,\"name\":\"Accueil\",\"item\":\"https:\/\/hotelhome.fr\/\"},{\"@type\":\"ListItem\",\"position\":2,\"name\":\"contact\"}]},{\"@type\":\"WebSite\",\"@id\":\"https:\/\/hotelhome.fr\/#website\",\"url\":\"https:\/\/hotelhome.fr\/\",\"name\":\"H\u00f4telHome Paris 16\",\"description\":\"H\u00f4tel du 16\u00e8me arrondissement \u00e0 Paris quartier d&#039;auteuil\",\"potentialAction\":[{\"@type\":\"SearchAction\",\"target\":{\"@type\":\"EntryPoint\",\"urlTemplate\":\"https:\/\/hotelhome.fr\/?s={search_term_string}\"},\"query-input\":{\"@type\":\"PropertyValueSpecification\",\"valueRequired\":true,\"valueName\":\"search_term_string\"}}],\"inLanguage\":\"en-GB\"}]}<\/script>\n<!-- \/ Yoast SEO plugin. -->","yoast_head_json":{"title":"contact - H\u00f4telHome Paris 16","robots":{"index":"index","follow":"follow","max-snippet":"max-snippet:-1","max-image-preview":"max-image-preview:large","max-video-preview":"max-video-preview:-1"},"canonical":"https:\/\/hotelhome.fr\/en\/contact\/","og_locale":"en_GB","og_type":"article","og_title":"contact - H\u00f4telHome Paris 16","og_description":"Coordonn\u00e9es H\u00f4telHome Paris 16 36 Rue George Sand75016 Paris, France &nbsp; hotelhome@hotelhome.fr +33 01 76 36 10 22 Vous souhaitez plus d'information ? Envoyez-nous un message, nous vous r\u00e9pondrons rapidement","og_url":"https:\/\/hotelhome.fr\/en\/contact\/","og_site_name":"H\u00f4telHome Paris 16","article_modified_time":"2024-07-18T13:39:47+00:00","og_image":[{"url":"https:\/\/hotelhome.fr\/wp-content\/uploads\/2024\/03\/NicePng_corner-ornament-png_3773327-300x46.png","type":"","width":"","height":""}],"twitter_card":"summary_large_image","twitter_misc":{"Estimated reading time":"5 minutes"},"schema":{"@context":"https:\/\/schema.org","@graph":[{"@type":"WebPage","@id":"https:\/\/hotelhome.fr\/contact\/","url":"https:\/\/hotelhome.fr\/contact\/","name":"contact - H\u00f4telHome Paris 16","isPartOf":{"@id":"https:\/\/hotelhome.fr\/#website"},"primaryImageOfPage":{"@id":"https:\/\/hotelhome.fr\/contact\/#primaryimage"},"image":{"@id":"https:\/\/hotelhome.fr\/contact\/#primaryimage"},"thumbnailUrl":"https:\/\/hotelhome.fr\/wp-content\/uploads\/2024\/03\/NicePng_corner-ornament-png_3773327-300x46.png","datePublished":"2024-03-25T14:31:23+00:00","dateModified":"2024-07-18T13:39:47+00:00","breadcrumb":{"@id":"https:\/\/hotelhome.fr\/contact\/#breadcrumb"},"inLanguage":"en-GB","potentialAction":[{"@type":"ReadAction","target":["https:\/\/hotelhome.fr\/contact\/"]}]},{"@type":"ImageObject","inLanguage":"en-GB","@id":"https:\/\/hotelhome.fr\/contact\/#primaryimage","url":"https:\/\/hotelhome.fr\/wp-content\/uploads\/2024\/03\/NicePng_corner-ornament-png_3773327-300x46.png","contentUrl":"https:\/\/hotelhome.fr\/wp-content\/uploads\/2024\/03\/NicePng_corner-ornament-png_3773327-300x46.png"},{"@type":"BreadcrumbList","@id":"https:\/\/hotelhome.fr\/contact\/#breadcrumb","itemListElement":[{"@type":"ListItem","position":1,"name":"Accueil","item":"https:\/\/hotelhome.fr\/"},{"@type":"ListItem","position":2,"name":"contact"}]},{"@type":"WebSite","@id":"https:\/\/hotelhome.fr\/#website","url":"https:\/\/hotelhome.fr\/","name":"HotelHome Paris 16","description":"Hotel in the 16th arrondissement in Paris, Auteuil district","potentialAction":[{"@type":"SearchAction","target":{"@type":"EntryPoint","urlTemplate":"https:\/\/hotelhome.fr\/?s={search_term_string}"},"query-input":{"@type":"PropertyValueSpecification","valueRequired":true,"valueName":"search_term_string"}}],"inLanguage":"en-GB"}]}},"_links":{"self":[{"href":"https:\/\/hotelhome.fr\/en\/wp-json\/wp\/v2\/pages\/376","targetHints":{"allow":["GET"]}}],"collection":[{"href":"https:\/\/hotelhome.fr\/en\/wp-json\/wp\/v2\/pages"}],"about":[{"href":"https:\/\/hotelhome.fr\/en\/wp-json\/wp\/v2\/types\/page"}],"author":[{"embeddable":true,"href":"https:\/\/hotelhome.fr\/en\/wp-json\/wp\/v2\/users\/1"}],"replies":[{"embeddable":true,"href":"https:\/\/hotelhome.fr\/en\/wp-json\/wp\/v2\/comments?post=376"}],"version-history":[{"count":17,"href":"https:\/\/hotelhome.fr\/en\/wp-json\/wp\/v2\/pages\/376\/revisions"}],"predecessor-version":[{"id":1532,"href":"https:\/\/hotelhome.fr\/en\/wp-json\/wp\/v2\/pages\/376\/revisions\/1532"}],"wp:attachment":[{"href":"https:\/\/hotelhome.fr\/en\/wp-json\/wp\/v2\/media?parent=376"}],"curies":[{"name":"wp","href":"https:\/\/api.w.org\/{rel}","templated":true}]}}