{"id":464,"date":"2024-03-26T13:45:11","date_gmt":"2024-03-26T13:45:11","guid":{"rendered":"https:\/\/hotelhome.fr\/?page_id=464"},"modified":"2024-06-24T09:14:25","modified_gmt":"2024-06-24T09:14:25","slug":"conciergerie","status":"publish","type":"page","link":"https:\/\/hotelhome.fr\/en\/conciergerie\/","title":{"rendered":"concierge"},"content":{"rendered":"<p>[et_pb_section fb_built= \u00bb1\u2033 custom_padding_last_edited= \u00bboff|desktop \u00bb admin_label= \u00bbServices \u00bb _builder_version= \u00bb4.25.1\u2033 background_color= \u00bbrgba(180,140,77,0.24) \u00bb width_phone= \u00bb100% \u00bb width_last_edited= \u00bboff|desktop \u00bb custom_padding= \u00bb0px||21px||false|false \u00bb custom_padding_phone= \u00bb|||0vw|false|false \u00bb locked= \u00bboff \u00bb global_colors_info= \u00bb{} \u00bb][et_pb_row _builder_version= \u00bb4.24.2\u2033 width= \u00bb100% \u00bb width_tablet= \u00bb \u00bb width_phone= \u00bb80% \u00bb width_last_edited= \u00bbon|phone \u00bb global_colors_info= \u00bb{} \u00bb][et_pb_column type= \u00bb4_4\u2033 _builder_version= \u00bb4.16\u2033 global_colors_info= \u00bb{} \u00bb][et_pb_text _builder_version= \u00bb4.25.1\u2033 text_line_height= \u00bb1.8em \u00bb header_2_font= \u00bb|||||| || \u00bb module_alignment= \u00bbcenter \u00bb custom_margin= \u00bb43px||-10px||| \u00bb header_2_font_size_tablet= \u00bb48px \u00bb header_2_font_size_phone= \u00bb32px \u00bb header_2_font_size_last_edited= \u00bboff|desktop \u00bb global_colors_info= \u00bb{} \u00bb]<\/p>\n<h2 style=\"text-align: center;\">Our concierge service<\/h2>\n<p style=\"text-align: center;\">We pay particular attention to each of your requests and strive to respond to your requests efficiently, kindly and quickly! Always with a smile, even by email or on the phone, we will do our best to make your stay unforgettable.<\/p>\n<p style=\"text-align: center;\"><img loading=\"lazy\" decoding=\"async\" src=\"https:\/\/hotelhome.fr\/wp-content\/uploads\/2024\/03\/NicePng_corner-ornament-png_3773327-300x46.png\" width=\"300\" height=\"46\" alt=\"\" class=\"wp-image-146 alignnone size-medium\" style=\"display: block; margin-left: auto; margin-right: auto;\" \/><\/p>\n<p style=\"text-align: justify;\">[\/et_pb_text][\/et_pb_column][\/et_pb_row][\/et_pb_section][et_pb_section fb_built= \u00bb1\u2033 admin_label= \u00bbHow We Met \u00bb _builder_version= \u00bb4.25.1\u2033 _module_preset= \u00bbdefault \u00bb custom_margin= \u00bb-69px||| |false|false \u00bb custom_padding= \u00bb17px||0px||false|false \u00bb locked= \u00bboff \u00bb collapsed= \u00bbon \u00bb global_colors_info= \u00bb{} \u00bb][et_pb_row column_structure= \u00bb1_2,1_2\u2033 _builder_version= \u00bb4.24.2 \u2033 _module_preset= \u00bbdefault \u00bb width= \u00bb95% \u00bb width_tablet= \u00bb100% \u00bb width_phone= \u00bb80% \u00bb width_last_edited= \u00bbon|phone \u00bb max_width= \u00bb95% \u00bb max_width_tablet= \u00bb95% \u00bb max_width_phone= \u00bb95% \u00bb max_width_last_edited= \u00bbon|phone \u00bb module_alignment= \u00bbcenter \u00bb custom_margin= \u00bb-12px|auto||auto|| \u00bb custom_padding= \u00bb||77px||| \u00bb module_alignment_tablet= \u00bbright \u00bb module_alignment_phone= \u00bbcenter \u00bb module_alignment_last_edited= \u00bbon|tablet \u00bb global_colors_info= \u00bb{} \u00bb][et_pb_column type= \u00bb1_2\u2033 _builder_version= \u00bb4.18.0\u2033 _module_preset= \u00bbdefault \u00bb global_colors_info= \u00bb{} \u00bb ][et_pb_text _builder_version= \u00bb4.25.1\u2033 text_line_height= \u00bb1.8em \u00bb header_2_font= \u00bb|||||||| \u00bb max_width= \u00bb850px \u00bb module_alignment= \u00bbleft \u00bb custom_margin= \u00bb-2px||-10px||| \u00bb header_2_font_size_tablet= \u00bb48px \u00bb header_2_font_size_phone= \u00bb32px \u00bb header_2_font_size_last_edited= \u00bboff|desktop \u00bb locked= \u00bboff \u00bb global_colors_info= \u00bb{} \u00bb header_2_4_font_size_tablet= \u00bb20px \u00bb header_3_4_font_size_tablet= \u00bb20px \u00bb header_4 _4_font_size_tablet= \u00bb20px \u00bb header_5_4_font_size_tablet= \u00bb20px \u00bb header_6_4_font_size_tablet = \u00bb20px \u00bb header_2_4_font_size_phone= \u00bb18px \u00bb header_3_4_font_size_phone= \u00bb18px \u00bb header_4_4_font_size_phone= \u00bb18px \u00bb header_5_4_font_size_phone= \u00bb18px \u00bb header_6_4_font_size_phone= \u00bb18px \u00bb header_2_4_font_size_last_edited= \u00bbon|phone \u00bb header_3_4_font_size_last_edited= \u00bbon|phone \u00bb header_4_4_font_size_last_edited= \u00bbon|phone \u00bb header_5_4_font_size_last_edited= \u00bbon|phone \u00bb header_6_4_font_size_last_edited= \u00bbon|phone \u00bb box_shadow_color__hover _enabled= \u00bbon|desktop \u00bb box_shadow_color__hover= \u00bb#d1d1d1\u2033]<\/p>\n<h2>Secretariat<\/h2>\n<p><span style=\"color: #b48c4d;\"><strong>To be accompanied<\/strong><\/span><\/p>\n<p style=\"text-align: justify;\">If you need it, we can offer you printing, scanning, sending emails, etc.<\/p>\n<p>[\/et_pb_text][et_pb_text _builder_version= \u00bb4.25.1\u2033 text_line_height= \u00bb1.8em \u00bb header_2_font= \u00bb|||||||| \u00bb max_width= \u00bb850px \u00bb module_alignment= \u00bbleft \u00bb custom_margin= \u00bb24px||0px||false|false \u00bb hover_enabled= \u00bb0\u2033 locked= \u00bboff \u00bb global_colors_info= \u00bb{} \u00bb header_2_4_font_size_tablet= \u00bb20px \u00bb header_3_4_font_size_tablet= \u00bb20px \u00bb header_4_4_font_size_tablet= \u00bb20px \u00bb header_5_4_font_size_tablet= \u00bb20px \u00bb header_6_4_font_size_tablet= \u00bb20px \u00bb header_2_4_font_size_phone= \u00bb18px \u00bb header_3_4_font_size_phone= \u00bb18px \u00bb header_4_4_font_size_phone= \u00bb18px \u00bb header_5_4_font_size_phone= \u00bb18px \u00bb header_6_4_font_size_phone= \u00bb18px \u00bb header_2_4_font_size_last_edited= \u00bbon|phone \u00bb header_3_4_font_size_last_edited= \u00bbon|phone \u00bb header_4_4_font_size_last_edited= \u00bbon|phone \u00bb header_5_4_font_size_last_edited= \u00bbon|phone \u00bb header_6_4_font_size_last_edited= \u00bbon|phone \u00bb box_ shadow_color__hover_enabled= \u00bbon|desktop \u00bb box_shadow_color__hover= \u00bb#d1d1d1\u2033 sticky_enabled=\u201d0\u2033]<\/p>\n<h2>Laundry<\/h2>\n<p><span style=\"color: #b48c4d;\"><strong>Pleasant family stay<\/strong><\/span><\/p>\n<p>Entrust us with your clothes, we will send them to the dry cleaners (service price available on request). You also have access to the hotel&#039;s laundry facilities in the basement.<\/p>\n<p>[\/et_pb_text][et_pb_text _builder_version= \u00bb4.25.1\u2033 text_line_height= \u00bb1.8em \u00bb header_2_font= \u00bb|||||||| \u00bb max_width= \u00bb850px \u00bb module_alignment= \u00bbleft \u00bb custom_margin= \u00bb24px||0px||false|false \u00bb hover_enabled= \u00bb0\u2033 locked= \u00bboff \u00bb global_colors_info= \u00bb{} \u00bb header_2_4_font_size_tablet= \u00bb20px \u00bb header_3_4_font_size_tablet= \u00bb20px \u00bb header_4_4_font_size_tablet= \u00bb20px \u00bb header_5_4_font_size_tablet= \u00bb20px \u00bb header_6_4_font_size_tablet= \u00bb20px \u00bb header_2_4_font_size_phone= \u00bb18px \u00bb header_3_4_font_size_phone= \u00bb18px \u00bb header_4_4_font_size_phone= \u00bb18px \u00bb header_5_4_font_size_phone= \u00bb18px \u00bb header_6_4_font_size_phone= \u00bb18px \u00bb header_2_4_font_size_last_edited= \u00bbon|phone \u00bb header_3_4_font_size_last_edited= \u00bbon|phone \u00bb header_4_4_font_size_last_edited= \u00bbon|phone \u00bb header_5_4_font_size_last_edited= \u00bbon|phone \u00bb header_6_4_font_size_last_edited= \u00bbon|phone \u00bb box_ shadow_color__hover_enabled= \u00bbon|desktop \u00bb box_shadow_color__hover= \u00bb#d1d1d1\u2033 sticky_enabled=\u201d0\u2033]<\/p>\n<h2>Exits<\/h2>\n<p><span style=\"color: #b48c4d;\"><strong>Let yourself be guided<\/strong><\/span><\/p>\n<p>Do not hesitate to ask us to book a taxi, plane ticket, but also a restaurant, a show or a guided tour, we will be happy to help you (price of the service available on request).<\/p>\n<p>[\/et_pb_text][\/et_pb_column][et_pb_column type= \u00bb1_2\u2033 _builder_version= \u00bb4.18.0\u2033 _module_preset= \u00bbdefault \u00bb global_colors_info= \u00bb{} \u00bb][et_pb_text _builder_version= \u00bb4.25.1\u2033 text_line_height= \u00bb1.8em \u00bb header_2_font = \u00bb|||||||| \u00bb max_width= \u00bb850px \u00bb module_alignment= \u00bbleft \u00bb custom_margin= \u00bb24px||0px||false|false \u00bb hover_enabled= \u00bb0\u2033 locked= \u00bboff \u00bb global_colors_info= \u00bb{} \u00bb header_2_4_font_size_tablet= \u00bb20px \u00bb header_3_4_font_size_tablet= \u00bb20px \u00bb header_4_4_font_size_tablet= \u00bb20px \u00bb header_5_4_font_size_tablet= \u00bb20px \u00bb header_6_4_font_size_tablet= \u00bb20px \u00bb header_2_4_font_size_phone= \u00bb18px \u00bb header_3_4_font_size_phone= \u00bb18px \u00bb header_4_4_font_size_phone= \u00bb18px \u00bb header_5_4_font_size_phone= \u00bb18px \u00bb header_6_4_font_size_phone= \u00bb18px \u00bb header_2_4_font_size_last_edited= \u00bbon|phone \u00bb header_3_4_font_size_last_edited= \u00bbon|phone \u00bb header_4_4_font_size_last_edited= \u00bbon|phone \u00bb header_5_4_font_size_last_edited= \u00bbon|phone \u00bb header_6_4_font_size_last_edited= \u00bbon|phone \u00bb box_ shadow_color__hover_enabled= \u00bbon|desktop \u00bb box_shadow_color__hover= \u00bb#d1d1d1\u2033 sticky_enabled=\u201d0\u2033]<\/p>\n<h2>Shopping and meal delivery<\/h2>\n<p><span style=\"color: #b48c4d;\"><strong>From the kitchen to your bedroom<\/strong><\/span><\/p>\n<p>On request, we can order you a meal or have groceries delivered to your apartment (service price available on request).<\/p>\n<p>[\/et_pb_text][et_pb_text _builder_version= \u00bb4.25.1\u2033 text_line_height= \u00bb1.8em \u00bb header_2_font= \u00bb|||||||| \u00bb max_width= \u00bb850px \u00bb module_alignment= \u00bbleft \u00bb custom_margin= \u00bb24px||0px||false|false \u00bb hover_enabled= \u00bb0\u2033 locked= \u00bboff \u00bb global_colors_info= \u00bb{} \u00bb header_2_4_font_size_tablet= \u00bb20px \u00bb header_3_4_font_size_tablet= \u00bb20px \u00bb header_4_4_font_size_tablet= \u00bb20px \u00bb header_5_4_font_size_tablet= \u00bb20px \u00bb header_6_4_font_size_tablet= \u00bb20px \u00bb header_2_4_font_size_phone= \u00bb18px \u00bb header_3_4_font_size_phone= \u00bb18px \u00bb header_4_4_font_size_phone= \u00bb18px \u00bb header_5_4_font_size_phone= \u00bb18px \u00bb header_6_4_font_size_phone= \u00bb18px \u00bb header_2_4_font_size_last_edited= \u00bbon|phone \u00bb header_3_4_font_size_last_edited= \u00bbon|phone \u00bb header_4_4_font_size_last_edited= \u00bbon|phone \u00bb header_5_4_font_size_last_edited= \u00bbon|phone \u00bb header_6_4_font_size_last_edited= \u00bbon|phone \u00bb box_ shadow_color__hover_enabled= \u00bbon|desktop \u00bb box_shadow_color__hover= \u00bb#d1d1d1\u2033 sticky_enabled=\u201d0\u2033]<\/p>\n<h2>Baby sitting<\/h2>\n<p><span style=\"color: #b48c4d;\"><strong>Free your mind<\/strong><\/span><\/p>\n<p>So that you can enjoy some time to yourself, we can arrange for a qualified babysitter to look after your children in your apartment (service price available on request).<\/p>\n<p>[\/et_pb_text][\/et_pb_column][\/et_pb_row][\/et_pb_section]<\/p>","protected":false},"excerpt":{"rendered":"<p>Our concierge service We pay special attention to each of your requests and strive to respond to your requests efficiently, kindly and quickly! Always with a smile, even by email or on the phone, we will do our best to make your stay unforgettable. Secretariat To be accompanied If you [\u2026]<\/p>","protected":false},"author":1,"featured_media":0,"parent":0,"menu_order":0,"comment_status":"closed","ping_status":"closed","template":"","meta":{"_et_pb_use_builder":"on","_et_pb_old_content":"","_et_gb_content_width":"","footnotes":""},"class_list":["post-464","page","type-page","status-publish","hentry"],"yoast_head":"<!-- This site is optimized with the Yoast SEO plugin v26.9 - https:\/\/yoast.com\/product\/yoast-seo-wordpress\/ -->\n<title>conciergerie - H\u00f4telHome Paris 16<\/title>\n<meta name=\"robots\" content=\"index, follow, max-snippet:-1, max-image-preview:large, max-video-preview:-1\" \/>\n<link rel=\"canonical\" href=\"https:\/\/hotelhome.fr\/en\/conciergerie\/\" \/>\n<meta property=\"og:locale\" content=\"en_GB\" \/>\n<meta property=\"og:type\" content=\"article\" \/>\n<meta property=\"og:title\" content=\"conciergerie - H\u00f4telHome Paris 16\" \/>\n<meta property=\"og:description\" content=\"Notre service de conciergerie Nous portons une attention particuli\u00e8re \u00e0 chacune de vos demandes et nous effor\u00e7ons de r\u00e9pondre \u00e0 vos demandes avec efficacit\u00e9, gentillesse et rapidit\u00e9! Toujours avec le sourire, m\u00eame par email ou au t\u00e9l\u00e9phone, nous ferons de notre mieux pour que votre s\u00e9jour soit inoubliable. Secr\u00e9tariat Pour \u00eatre accompagn\u00e9 Si vous en [&hellip;]\" \/>\n<meta property=\"og:url\" content=\"https:\/\/hotelhome.fr\/en\/conciergerie\/\" \/>\n<meta property=\"og:site_name\" content=\"H\u00f4telHome Paris 16\" \/>\n<meta property=\"article:modified_time\" content=\"2024-06-24T09:14:25+00:00\" \/>\n<meta property=\"og:image\" content=\"https:\/\/hotelhome.fr\/wp-content\/uploads\/2024\/03\/NicePng_corner-ornament-png_3773327-300x46.png\" \/>\n<meta name=\"twitter:card\" content=\"summary_large_image\" \/>\n<meta name=\"twitter:label1\" content=\"Estimated reading time\" \/>\n\t<meta name=\"twitter:data1\" content=\"6 minutes\" \/>\n<script type=\"application\/ld+json\" class=\"yoast-schema-graph\">{\"@context\":\"https:\/\/schema.org\",\"@graph\":[{\"@type\":\"WebPage\",\"@id\":\"https:\/\/hotelhome.fr\/conciergerie\/\",\"url\":\"https:\/\/hotelhome.fr\/conciergerie\/\",\"name\":\"conciergerie - H\u00f4telHome Paris 16\",\"isPartOf\":{\"@id\":\"https:\/\/hotelhome.fr\/#website\"},\"primaryImageOfPage\":{\"@id\":\"https:\/\/hotelhome.fr\/conciergerie\/#primaryimage\"},\"image\":{\"@id\":\"https:\/\/hotelhome.fr\/conciergerie\/#primaryimage\"},\"thumbnailUrl\":\"https:\/\/hotelhome.fr\/wp-content\/uploads\/2024\/03\/NicePng_corner-ornament-png_3773327-300x46.png\",\"datePublished\":\"2024-03-26T13:45:11+00:00\",\"dateModified\":\"2024-06-24T09:14:25+00:00\",\"breadcrumb\":{\"@id\":\"https:\/\/hotelhome.fr\/conciergerie\/#breadcrumb\"},\"inLanguage\":\"en-GB\",\"potentialAction\":[{\"@type\":\"ReadAction\",\"target\":[\"https:\/\/hotelhome.fr\/conciergerie\/\"]}]},{\"@type\":\"ImageObject\",\"inLanguage\":\"en-GB\",\"@id\":\"https:\/\/hotelhome.fr\/conciergerie\/#primaryimage\",\"url\":\"https:\/\/hotelhome.fr\/wp-content\/uploads\/2024\/03\/NicePng_corner-ornament-png_3773327-300x46.png\",\"contentUrl\":\"https:\/\/hotelhome.fr\/wp-content\/uploads\/2024\/03\/NicePng_corner-ornament-png_3773327-300x46.png\"},{\"@type\":\"BreadcrumbList\",\"@id\":\"https:\/\/hotelhome.fr\/conciergerie\/#breadcrumb\",\"itemListElement\":[{\"@type\":\"ListItem\",\"position\":1,\"name\":\"Accueil\",\"item\":\"https:\/\/hotelhome.fr\/\"},{\"@type\":\"ListItem\",\"position\":2,\"name\":\"conciergerie\"}]},{\"@type\":\"WebSite\",\"@id\":\"https:\/\/hotelhome.fr\/#website\",\"url\":\"https:\/\/hotelhome.fr\/\",\"name\":\"H\u00f4telHome Paris 16\",\"description\":\"H\u00f4tel du 16\u00e8me arrondissement \u00e0 Paris quartier d&#039;auteuil\",\"potentialAction\":[{\"@type\":\"SearchAction\",\"target\":{\"@type\":\"EntryPoint\",\"urlTemplate\":\"https:\/\/hotelhome.fr\/?s={search_term_string}\"},\"query-input\":{\"@type\":\"PropertyValueSpecification\",\"valueRequired\":true,\"valueName\":\"search_term_string\"}}],\"inLanguage\":\"en-GB\"}]}<\/script>\n<!-- \/ Yoast SEO plugin. -->","yoast_head_json":{"title":"conciergerie - H\u00f4telHome Paris 16","robots":{"index":"index","follow":"follow","max-snippet":"max-snippet:-1","max-image-preview":"max-image-preview:large","max-video-preview":"max-video-preview:-1"},"canonical":"https:\/\/hotelhome.fr\/en\/conciergerie\/","og_locale":"en_GB","og_type":"article","og_title":"conciergerie - H\u00f4telHome Paris 16","og_description":"Notre service de conciergerie Nous portons une attention particuli\u00e8re \u00e0 chacune de vos demandes et nous effor\u00e7ons de r\u00e9pondre \u00e0 vos demandes avec efficacit\u00e9, gentillesse et rapidit\u00e9! Toujours avec le sourire, m\u00eame par email ou au t\u00e9l\u00e9phone, nous ferons de notre mieux pour que votre s\u00e9jour soit inoubliable. Secr\u00e9tariat Pour \u00eatre accompagn\u00e9 Si vous en [&hellip;]","og_url":"https:\/\/hotelhome.fr\/en\/conciergerie\/","og_site_name":"H\u00f4telHome Paris 16","article_modified_time":"2024-06-24T09:14:25+00:00","og_image":[{"url":"https:\/\/hotelhome.fr\/wp-content\/uploads\/2024\/03\/NicePng_corner-ornament-png_3773327-300x46.png","type":"","width":"","height":""}],"twitter_card":"summary_large_image","twitter_misc":{"Estimated reading time":"6 minutes"},"schema":{"@context":"https:\/\/schema.org","@graph":[{"@type":"WebPage","@id":"https:\/\/hotelhome.fr\/conciergerie\/","url":"https:\/\/hotelhome.fr\/conciergerie\/","name":"conciergerie - H\u00f4telHome Paris 16","isPartOf":{"@id":"https:\/\/hotelhome.fr\/#website"},"primaryImageOfPage":{"@id":"https:\/\/hotelhome.fr\/conciergerie\/#primaryimage"},"image":{"@id":"https:\/\/hotelhome.fr\/conciergerie\/#primaryimage"},"thumbnailUrl":"https:\/\/hotelhome.fr\/wp-content\/uploads\/2024\/03\/NicePng_corner-ornament-png_3773327-300x46.png","datePublished":"2024-03-26T13:45:11+00:00","dateModified":"2024-06-24T09:14:25+00:00","breadcrumb":{"@id":"https:\/\/hotelhome.fr\/conciergerie\/#breadcrumb"},"inLanguage":"en-GB","potentialAction":[{"@type":"ReadAction","target":["https:\/\/hotelhome.fr\/conciergerie\/"]}]},{"@type":"ImageObject","inLanguage":"en-GB","@id":"https:\/\/hotelhome.fr\/conciergerie\/#primaryimage","url":"https:\/\/hotelhome.fr\/wp-content\/uploads\/2024\/03\/NicePng_corner-ornament-png_3773327-300x46.png","contentUrl":"https:\/\/hotelhome.fr\/wp-content\/uploads\/2024\/03\/NicePng_corner-ornament-png_3773327-300x46.png"},{"@type":"BreadcrumbList","@id":"https:\/\/hotelhome.fr\/conciergerie\/#breadcrumb","itemListElement":[{"@type":"ListItem","position":1,"name":"Accueil","item":"https:\/\/hotelhome.fr\/"},{"@type":"ListItem","position":2,"name":"conciergerie"}]},{"@type":"WebSite","@id":"https:\/\/hotelhome.fr\/#website","url":"https:\/\/hotelhome.fr\/","name":"HotelHome Paris 16","description":"Hotel in the 16th arrondissement in Paris, Auteuil district","potentialAction":[{"@type":"SearchAction","target":{"@type":"EntryPoint","urlTemplate":"https:\/\/hotelhome.fr\/?s={search_term_string}"},"query-input":{"@type":"PropertyValueSpecification","valueRequired":true,"valueName":"search_term_string"}}],"inLanguage":"en-GB"}]}},"_links":{"self":[{"href":"https:\/\/hotelhome.fr\/en\/wp-json\/wp\/v2\/pages\/464","targetHints":{"allow":["GET"]}}],"collection":[{"href":"https:\/\/hotelhome.fr\/en\/wp-json\/wp\/v2\/pages"}],"about":[{"href":"https:\/\/hotelhome.fr\/en\/wp-json\/wp\/v2\/types\/page"}],"author":[{"embeddable":true,"href":"https:\/\/hotelhome.fr\/en\/wp-json\/wp\/v2\/users\/1"}],"replies":[{"embeddable":true,"href":"https:\/\/hotelhome.fr\/en\/wp-json\/wp\/v2\/comments?post=464"}],"version-history":[{"count":10,"href":"https:\/\/hotelhome.fr\/en\/wp-json\/wp\/v2\/pages\/464\/revisions"}],"predecessor-version":[{"id":1452,"href":"https:\/\/hotelhome.fr\/en\/wp-json\/wp\/v2\/pages\/464\/revisions\/1452"}],"wp:attachment":[{"href":"https:\/\/hotelhome.fr\/en\/wp-json\/wp\/v2\/media?parent=464"}],"curies":[{"name":"wp","href":"https:\/\/api.w.org\/{rel}","templated":true}]}}