{"id":494,"date":"2024-03-26T15:03:38","date_gmt":"2024-03-26T15:03:38","guid":{"rendered":"https:\/\/hotelhome.fr\/?page_id=494"},"modified":"2024-07-29T08:06:24","modified_gmt":"2024-07-29T08:06:24","slug":"mentions-legales","status":"publish","type":"page","link":"https:\/\/hotelhome.fr\/en\/mentions-legales\/","title":{"rendered":"legal notices"},"content":{"rendered":"<p>[et_pb_section fb_built= \u00bb1\u2033 _builder_version= \u00bb4.24.2\u2033 _module_preset= \u00bbdefault \u00bb global_colors_info= \u00bb{} \u00bb][et_pb_row _builder_version= \u00bb4.24.2\u2033 _module_preset= \u00bbdefault \u00bb global_colors_info= \u00bb{} \u00bb][et_pb_column type = \u00bb4_4\u2033 _builder_version= \u00bb4.24.2\u2033 _module_preset= \u00bbdefault \u00bb global_colors_info= \u00bb{} \u00bb][et_pb_text _builder_version= \u00bb4.24.2\u2033 _module_preset= \u00bbdefault \u00bb global_colors_info= \u00bb{} \u00bb]<\/p>\n<p><strong>Legal Notice<\/strong><br \/>The site www.hotelhome.fr is the property of SAS Lavald&#039;Oise with share capital of \u20ac7,500, domiciled at 36, rue George Sand \u2013 75016 Paris (France) and represented by Laurence Vivant in her capacity as owner-operator.<\/p>\n<p><strong>Business or organization<\/strong><br \/>SAS Lavald&#039;Oise<br \/>Tel: +33 (0)1 45 20 61 38<br \/>Email: hotelhome@hotelhome.fr<\/p>\n<p><strong>The commercial register :<\/strong><span>\u00a0<\/span>RCS 401 763 206 RCS Paris<br \/>Share capital: \u20ac7,500<br \/>Siret: 401 763 206 00034<br \/>APE code: 5510 Z<br \/>Intracommunity VAT: FR28401763206<\/p>\n<p><strong>Purpose of the site<\/strong><br \/>Promotion of the HotelHome Paris 16 hotel residence (offering 17 apartments for short, medium or long-term rental).<\/p>\n<p><strong>Publication Director :<\/strong><span>\u00a0<\/span>Antoine Altar<br \/><strong>Editorial manager:<\/strong><span>\u00a0<\/span>Antoine Altar<br \/><strong>Design, editing, artistic direction:<\/strong><span>\u00a0<\/span>Agency26 \u2013 agency26.co@gmail.com<\/p>\n<p>The site www.hotelhome.fr offers informative content and, in the event of a reservation, a collection of personal data via D-Edge, an external supplier responsible for managing reservations and collecting information related to online payment.<\/p>\n<p><strong>Site proposal<\/strong><br \/>In accordance with Law No. 78-17 of January 6, 1978, relating to Information Technology, Files and Liberties, you have the right to access, modify, rectify and delete data that concerns you ( art. 34 of the \u201cInformatique et Libert\u00e9s\u201d law). To exercise this right, send an email to: hotelhome@hotelhome.fr<\/p>\n<p>A cookie (or connection witness) is a text file that may be recorded, subject to your choices, in a dedicated space on the hard drive of your computer or tablet when consulting an online service using to your navigation software. It is transmitted by a website&#039;s server to your browser. Each cookie is assigned an anonymous identifier. The cookie file allows its issuer to identify the terminal in which it is recorded during the validity or recording period of the cookie concerned. A cookie cannot be traced back to a natural person.<br \/>Notices relating to cookies These cookies make it possible to establish visitor statistics for www.hotelhome.fr and to detect navigation problems in order to monitor and improve the quality of our services.<\/p>\n<p><strong>Site hosting<\/strong><br \/>The site is hosted by Nuxit (Magic Online Group).<br \/>The site and the information it contains are protected by French law on intellectual property and by international conventions. Except for use within the family circle or private use, the site and no element of its content may be reproduced, republished, transcribed, modified or retransmitted without the prior authorization of the rights holders.<\/p>\n<p>[\/et_pb_text][\/et_pb_column][\/et_pb_row][\/et_pb_section]<\/p>","protected":false},"excerpt":{"rendered":"<p>Legal noticesThe website www.hotelhome.fr is the property of SAS Lavald&#039;Oise with a share capital of \u20ac7,500, domiciled at 36, rue George Sand \u2013 75016 Paris (France) and represented by Laurence Vivant in her capacity as owner-operator. Company or organizationSAS Lavald&#039;OiseTel: +33 (0)1 45 20 61 38E-mail: hotelhome@hotelhome.fr Trade register: RCS 401 763 206 [\u2026]<\/p>","protected":false},"author":1,"featured_media":0,"parent":0,"menu_order":0,"comment_status":"closed","ping_status":"closed","template":"","meta":{"_et_pb_use_builder":"on","_et_pb_old_content":"","_et_gb_content_width":"","footnotes":""},"class_list":["post-494","page","type-page","status-publish","hentry"],"yoast_head":"<!-- This site is optimized with the Yoast SEO plugin v26.9 - https:\/\/yoast.com\/product\/yoast-seo-wordpress\/ -->\n<title>mentions-legales - H\u00f4telHome Paris 16<\/title>\n<meta name=\"robots\" content=\"index, follow, max-snippet:-1, max-image-preview:large, max-video-preview:-1\" \/>\n<link rel=\"canonical\" href=\"https:\/\/hotelhome.fr\/en\/mentions-legales\/\" \/>\n<meta property=\"og:locale\" content=\"en_GB\" \/>\n<meta property=\"og:type\" content=\"article\" \/>\n<meta property=\"og:title\" content=\"mentions-legales - H\u00f4telHome Paris 16\" \/>\n<meta property=\"og:description\" content=\"Mentions l\u00e9galesLe site www.hotelhome.fr est la propri\u00e9t\u00e9 de la SAS Lavald\u2019Oise au capital social de 7.500 \u20ac, domicili\u00e9e 36, rue George Sand \u2013 75016 Paris (France) et repr\u00e9sent\u00e9e par Laurence Vivant en sa qualit\u00e9 de propri\u00e9taire-exploitant. Entreprise ou organismeSAS Lavald\u2019OiseTel : +33 (0)1 45 20 61 38E-mail : hotelhome@hotelhome.fr Registre du commerce\u00a0:\u00a0RCS \u00a0401 763 206 [&hellip;]\" \/>\n<meta property=\"og:url\" content=\"https:\/\/hotelhome.fr\/en\/mentions-legales\/\" \/>\n<meta property=\"og:site_name\" content=\"H\u00f4telHome Paris 16\" \/>\n<meta property=\"article:modified_time\" content=\"2024-07-29T08:06:24+00:00\" \/>\n<meta name=\"twitter:card\" content=\"summary_large_image\" \/>\n<meta name=\"twitter:label1\" content=\"Estimated reading time\" \/>\n\t<meta name=\"twitter:data1\" content=\"2 minutes\" \/>\n<script type=\"application\/ld+json\" class=\"yoast-schema-graph\">{\"@context\":\"https:\/\/schema.org\",\"@graph\":[{\"@type\":\"WebPage\",\"@id\":\"https:\/\/hotelhome.fr\/mentions-legales\/\",\"url\":\"https:\/\/hotelhome.fr\/mentions-legales\/\",\"name\":\"mentions-legales - H\u00f4telHome Paris 16\",\"isPartOf\":{\"@id\":\"https:\/\/hotelhome.fr\/#website\"},\"datePublished\":\"2024-03-26T15:03:38+00:00\",\"dateModified\":\"2024-07-29T08:06:24+00:00\",\"breadcrumb\":{\"@id\":\"https:\/\/hotelhome.fr\/mentions-legales\/#breadcrumb\"},\"inLanguage\":\"en-GB\",\"potentialAction\":[{\"@type\":\"ReadAction\",\"target\":[\"https:\/\/hotelhome.fr\/mentions-legales\/\"]}]},{\"@type\":\"BreadcrumbList\",\"@id\":\"https:\/\/hotelhome.fr\/mentions-legales\/#breadcrumb\",\"itemListElement\":[{\"@type\":\"ListItem\",\"position\":1,\"name\":\"Accueil\",\"item\":\"https:\/\/hotelhome.fr\/\"},{\"@type\":\"ListItem\",\"position\":2,\"name\":\"mentions-legales\"}]},{\"@type\":\"WebSite\",\"@id\":\"https:\/\/hotelhome.fr\/#website\",\"url\":\"https:\/\/hotelhome.fr\/\",\"name\":\"H\u00f4telHome Paris 16\",\"description\":\"H\u00f4tel du 16\u00e8me arrondissement \u00e0 Paris quartier d&#039;auteuil\",\"potentialAction\":[{\"@type\":\"SearchAction\",\"target\":{\"@type\":\"EntryPoint\",\"urlTemplate\":\"https:\/\/hotelhome.fr\/?s={search_term_string}\"},\"query-input\":{\"@type\":\"PropertyValueSpecification\",\"valueRequired\":true,\"valueName\":\"search_term_string\"}}],\"inLanguage\":\"en-GB\"}]}<\/script>\n<!-- \/ Yoast SEO plugin. -->","yoast_head_json":{"title":"mentions-legales - H\u00f4telHome Paris 16","robots":{"index":"index","follow":"follow","max-snippet":"max-snippet:-1","max-image-preview":"max-image-preview:large","max-video-preview":"max-video-preview:-1"},"canonical":"https:\/\/hotelhome.fr\/en\/mentions-legales\/","og_locale":"en_GB","og_type":"article","og_title":"mentions-legales - H\u00f4telHome Paris 16","og_description":"Mentions l\u00e9galesLe site www.hotelhome.fr est la propri\u00e9t\u00e9 de la SAS Lavald\u2019Oise au capital social de 7.500 \u20ac, domicili\u00e9e 36, rue George Sand \u2013 75016 Paris (France) et repr\u00e9sent\u00e9e par Laurence Vivant en sa qualit\u00e9 de propri\u00e9taire-exploitant. Entreprise ou organismeSAS Lavald\u2019OiseTel : +33 (0)1 45 20 61 38E-mail : hotelhome@hotelhome.fr Registre du commerce\u00a0:\u00a0RCS \u00a0401 763 206 [&hellip;]","og_url":"https:\/\/hotelhome.fr\/en\/mentions-legales\/","og_site_name":"H\u00f4telHome Paris 16","article_modified_time":"2024-07-29T08:06:24+00:00","twitter_card":"summary_large_image","twitter_misc":{"Estimated reading time":"2 minutes"},"schema":{"@context":"https:\/\/schema.org","@graph":[{"@type":"WebPage","@id":"https:\/\/hotelhome.fr\/mentions-legales\/","url":"https:\/\/hotelhome.fr\/mentions-legales\/","name":"mentions-legales - H\u00f4telHome Paris 16","isPartOf":{"@id":"https:\/\/hotelhome.fr\/#website"},"datePublished":"2024-03-26T15:03:38+00:00","dateModified":"2024-07-29T08:06:24+00:00","breadcrumb":{"@id":"https:\/\/hotelhome.fr\/mentions-legales\/#breadcrumb"},"inLanguage":"en-GB","potentialAction":[{"@type":"ReadAction","target":["https:\/\/hotelhome.fr\/mentions-legales\/"]}]},{"@type":"BreadcrumbList","@id":"https:\/\/hotelhome.fr\/mentions-legales\/#breadcrumb","itemListElement":[{"@type":"ListItem","position":1,"name":"Accueil","item":"https:\/\/hotelhome.fr\/"},{"@type":"ListItem","position":2,"name":"mentions-legales"}]},{"@type":"WebSite","@id":"https:\/\/hotelhome.fr\/#website","url":"https:\/\/hotelhome.fr\/","name":"HotelHome Paris 16","description":"Hotel in the 16th arrondissement in Paris, Auteuil district","potentialAction":[{"@type":"SearchAction","target":{"@type":"EntryPoint","urlTemplate":"https:\/\/hotelhome.fr\/?s={search_term_string}"},"query-input":{"@type":"PropertyValueSpecification","valueRequired":true,"valueName":"search_term_string"}}],"inLanguage":"en-GB"}]}},"_links":{"self":[{"href":"https:\/\/hotelhome.fr\/en\/wp-json\/wp\/v2\/pages\/494","targetHints":{"allow":["GET"]}}],"collection":[{"href":"https:\/\/hotelhome.fr\/en\/wp-json\/wp\/v2\/pages"}],"about":[{"href":"https:\/\/hotelhome.fr\/en\/wp-json\/wp\/v2\/types\/page"}],"author":[{"embeddable":true,"href":"https:\/\/hotelhome.fr\/en\/wp-json\/wp\/v2\/users\/1"}],"replies":[{"embeddable":true,"href":"https:\/\/hotelhome.fr\/en\/wp-json\/wp\/v2\/comments?post=494"}],"version-history":[{"count":3,"href":"https:\/\/hotelhome.fr\/en\/wp-json\/wp\/v2\/pages\/494\/revisions"}],"predecessor-version":[{"id":1536,"href":"https:\/\/hotelhome.fr\/en\/wp-json\/wp\/v2\/pages\/494\/revisions\/1536"}],"wp:attachment":[{"href":"https:\/\/hotelhome.fr\/en\/wp-json\/wp\/v2\/media?parent=494"}],"curies":[{"name":"wp","href":"https:\/\/api.w.org\/{rel}","templated":true}]}}