{"id":503,"date":"2024-03-26T15:26:46","date_gmt":"2024-03-26T15:26:46","guid":{"rendered":"https:\/\/hotelhome.fr\/?page_id=503"},"modified":"2024-06-13T13:30:57","modified_gmt":"2024-06-13T13:30:57","slug":"blog","status":"publish","type":"page","link":"https:\/\/hotelhome.fr\/en\/blog\/","title":{"rendered":"blog"},"content":{"rendered":"<p>[et_pb_section fb_built= \u00bb1\u2033 admin_label= \u00bbBlog \u00bb _builder_version= \u00bb4.19.1\u2033 _module_preset= \u00bbdefault \u00bb collapsed= \u00bbon \u00bb global_colors_info= \u00bb{} \u00bb][et_pb_row _builder_version= \u00bb4.25.1\u2033 _module_preset= \u00bbdefault \u00bb max_width= \u00bb700px \u00bb hover_enabled= \u00bb0\u2033 global_colors_info= \u00bb{} \u00bb custom_margin= \u00bb20px||||false|false \u00bb sticky_enabled= \u00bb0\u2033][et_pb_column type= \u00bb4_4\u2033 _builder_version= \u00bb4.19.1\u2033 _module_preset= \u00bbdefault \u00bb global_colors_info= \u00bb{} \u00bb][et_pb_text _builder_version= \u00bb4.25.1\u2033 _module_preset= \u00bb_initial \u00bb header_font= \u00bb|||||||| \u00bb header_line_height= \u00bb1.2em \u00bb header_4_font= \u00bb|600||||||| \u00bb header_4_font_size= \u00bb14px \u00bb text_orientation= \u00bbcenter \u00bb custom_margin= \u00bb35px||0px||false|false \u00bb hover_enabled= \u00bb0\u2033 header_font_size_tablet= \u00bb40px \u00bb header_font_size_phone= \u00bb24px \u00bb header_font_size_last_edited= \u00bboff|desktop \u00bb global_colors_info= \u00bb{ } \u00bb sticky_enabled= \u00bb0\u2033]<\/p>\n<h1>The blog<\/h1>\n<p>[\/et_pb_text][et_pb_text _builder_version= \u00bb4.24.2\u2033 _module_preset= \u00bb_initial \u00bb text_font= \u00bb|||||||| \u00bb text_font_size= \u00bb16px \u00bb text_line_height= \u00bb1.8em \u00bb text_orientation= \u00bbcenter \u00bb hover_enabled= \u00bb0\u2033 text_font_size_tablet= \u00bb15px \u00bb text_font_size_phone= \u00bb14px \u00bb text_font_size_last_edited= \u00bbon|desktop \u00bb header_font_size_tablet= \u00bb55px \u00bb header_font_size_last_ edited= \u00bboff|desktop \u00bb global_colors_info= \u00bb{} \u00bb sticky_enabled= \u00bb0\u2033]<\/p>\n<p>Hotel news and related interests<\/p>\n<p>[\/et_pb_text][\/et_pb_column][\/et_pb_row][et_pb_row _builder_version=\u00a0\u00bb4.24.2&Prime; _module_preset=\u00a0\u00bbdefault\u00a0\u00bb width=\u00a0\u00bb95%\u00a0\u00bb max_width=\u00a0\u00bb95%\u00a0\u00bb global_colors_info=\u00a0\u00bb{}\u00a0\u00bb][et_pb_column type=\u00a0\u00bb4_4&Prime; _builder_version=\u00a0\u00bb4.19.1&Prime; _module_preset=\u00a0\u00bbdefault\u00a0\u00bb global_colors_info=\u00a0\u00bb{}\u00a0\u00bb][et_pb_blog fullwidth=\u00a0\u00bboff\u00a0\u00bb posts_number=\u00a0\u00bb9&Prime; include_categories=\u00a0\u00bb2&Prime; show_more=\u00a0\u00bbon\u00a0\u00bb show_author=\u00a0\u00bboff\u00a0\u00bb masonry_tile_background_color=\u00a0\u00bbRGBA(255,255,255,0)\u00a0\u00bb _builder_version=\u00a0\u00bb4.25.1&Prime; _module_preset=\u00a0\u00bb_initial\u00a0\u00bb header_font=\u00a0\u00bb|600|||||||\u00a0\u00bb header_font_size=\u00a0\u00bb20px\u00a0\u00bb header_line_height=\u00a0\u00bb1.2em\u00a0\u00bb body_font=\u00a0\u00bb||||||||\u00a0\u00bb body_text_color=\u00a0\u00bb#000000&Prime; body_font_size=\u00a0\u00bb15px\u00a0\u00bb body_line_height=\u00a0\u00bb1.6em\u00a0\u00bb meta_font=\u00a0\u00bb|600|||||||\u00a0\u00bb meta_text_color=\u00a0\u00bb#b48c4d\u00a0\u00bb read_more_font=\u00a0\u00bb|700||on|||||\u00a0\u00bb read_more_text_color=\u00a0\u00bb#000000&Prime; pagination_font=\u00a0\u00bb|700||on|||||\u00a0\u00bb pagination_text_color=\u00a0\u00bb#000000&Prime; header_font_size_tablet=\u00a0\u00bb16px\u00a0\u00bb header_font_size_phone=\u00a0\u00bb15px\u00a0\u00bb header_font_size_last_edited=\u00a0\u00bbon|desktop\u00a0\u00bb border_radii=\u00a0\u00bbon|20px|20px|20px|20px\u00a0\u00bb border_color_all=\u00a0\u00bbrgba(0,0,0,0.86)\u00a0\u00bb locked=\u00a0\u00bboff\u00a0\u00bb global_colors_info=\u00a0\u00bb{%22gcid-cb91e05a-a65b-4604-a848-3eebeb47b543%22:%91%22meta_text_color%22%93}\u00a0\u00bb][\/et_pb_blog][\/et_pb_column][\/et_pb_row][\/et_pb_section]<\/p>","protected":false},"excerpt":{"rendered":"<p>The BlogHotel news and related interests<\/p>","protected":false},"author":1,"featured_media":0,"parent":0,"menu_order":0,"comment_status":"closed","ping_status":"closed","template":"","meta":{"_et_pb_use_builder":"on","_et_pb_old_content":"","_et_gb_content_width":"","footnotes":""},"class_list":["post-503","page","type-page","status-publish","hentry"],"yoast_head":"<!-- This site is optimized with the Yoast SEO plugin v26.9 - https:\/\/yoast.com\/product\/yoast-seo-wordpress\/ -->\n<title>blog - H\u00f4telHome Paris 16<\/title>\n<meta name=\"robots\" content=\"index, follow, max-snippet:-1, max-image-preview:large, max-video-preview:-1\" \/>\n<link rel=\"canonical\" href=\"https:\/\/hotelhome.fr\/en\/blog\/\" \/>\n<meta property=\"og:locale\" content=\"en_GB\" \/>\n<meta property=\"og:type\" content=\"article\" \/>\n<meta property=\"og:title\" content=\"blog - H\u00f4telHome Paris 16\" \/>\n<meta property=\"og:description\" content=\"Le blogL&#039;actualit\u00e9 de l&#039;h\u00f4tel et int\u00e9r\u00eats connexes\" \/>\n<meta property=\"og:url\" content=\"https:\/\/hotelhome.fr\/en\/blog\/\" \/>\n<meta property=\"og:site_name\" content=\"H\u00f4telHome Paris 16\" \/>\n<meta property=\"article:modified_time\" content=\"2024-06-13T13:30:57+00:00\" \/>\n<meta name=\"twitter:card\" content=\"summary_large_image\" \/>\n<meta name=\"twitter:label1\" content=\"Estimated reading time\" \/>\n\t<meta name=\"twitter:data1\" content=\"2 minutes\" \/>\n<script type=\"application\/ld+json\" class=\"yoast-schema-graph\">{\"@context\":\"https:\/\/schema.org\",\"@graph\":[{\"@type\":\"WebPage\",\"@id\":\"https:\/\/hotelhome.fr\/blog\/\",\"url\":\"https:\/\/hotelhome.fr\/blog\/\",\"name\":\"blog - H\u00f4telHome Paris 16\",\"isPartOf\":{\"@id\":\"https:\/\/hotelhome.fr\/#website\"},\"datePublished\":\"2024-03-26T15:26:46+00:00\",\"dateModified\":\"2024-06-13T13:30:57+00:00\",\"breadcrumb\":{\"@id\":\"https:\/\/hotelhome.fr\/blog\/#breadcrumb\"},\"inLanguage\":\"en-GB\",\"potentialAction\":[{\"@type\":\"ReadAction\",\"target\":[\"https:\/\/hotelhome.fr\/blog\/\"]}]},{\"@type\":\"BreadcrumbList\",\"@id\":\"https:\/\/hotelhome.fr\/blog\/#breadcrumb\",\"itemListElement\":[{\"@type\":\"ListItem\",\"position\":1,\"name\":\"Accueil\",\"item\":\"https:\/\/hotelhome.fr\/\"},{\"@type\":\"ListItem\",\"position\":2,\"name\":\"blog\"}]},{\"@type\":\"WebSite\",\"@id\":\"https:\/\/hotelhome.fr\/#website\",\"url\":\"https:\/\/hotelhome.fr\/\",\"name\":\"H\u00f4telHome Paris 16\",\"description\":\"H\u00f4tel du 16\u00e8me arrondissement \u00e0 Paris quartier d&#039;auteuil\",\"potentialAction\":[{\"@type\":\"SearchAction\",\"target\":{\"@type\":\"EntryPoint\",\"urlTemplate\":\"https:\/\/hotelhome.fr\/?s={search_term_string}\"},\"query-input\":{\"@type\":\"PropertyValueSpecification\",\"valueRequired\":true,\"valueName\":\"search_term_string\"}}],\"inLanguage\":\"en-GB\"}]}<\/script>\n<!-- \/ Yoast SEO plugin. -->","yoast_head_json":{"title":"blog - H\u00f4telHome Paris 16","robots":{"index":"index","follow":"follow","max-snippet":"max-snippet:-1","max-image-preview":"max-image-preview:large","max-video-preview":"max-video-preview:-1"},"canonical":"https:\/\/hotelhome.fr\/en\/blog\/","og_locale":"en_GB","og_type":"article","og_title":"blog - H\u00f4telHome Paris 16","og_description":"Le blogL'actualit\u00e9 de l'h\u00f4tel et int\u00e9r\u00eats connexes","og_url":"https:\/\/hotelhome.fr\/en\/blog\/","og_site_name":"H\u00f4telHome Paris 16","article_modified_time":"2024-06-13T13:30:57+00:00","twitter_card":"summary_large_image","twitter_misc":{"Estimated reading time":"2 minutes"},"schema":{"@context":"https:\/\/schema.org","@graph":[{"@type":"WebPage","@id":"https:\/\/hotelhome.fr\/blog\/","url":"https:\/\/hotelhome.fr\/blog\/","name":"blog - H\u00f4telHome Paris 16","isPartOf":{"@id":"https:\/\/hotelhome.fr\/#website"},"datePublished":"2024-03-26T15:26:46+00:00","dateModified":"2024-06-13T13:30:57+00:00","breadcrumb":{"@id":"https:\/\/hotelhome.fr\/blog\/#breadcrumb"},"inLanguage":"en-GB","potentialAction":[{"@type":"ReadAction","target":["https:\/\/hotelhome.fr\/blog\/"]}]},{"@type":"BreadcrumbList","@id":"https:\/\/hotelhome.fr\/blog\/#breadcrumb","itemListElement":[{"@type":"ListItem","position":1,"name":"Accueil","item":"https:\/\/hotelhome.fr\/"},{"@type":"ListItem","position":2,"name":"blog"}]},{"@type":"WebSite","@id":"https:\/\/hotelhome.fr\/#website","url":"https:\/\/hotelhome.fr\/","name":"HotelHome Paris 16","description":"Hotel in the 16th arrondissement in Paris, Auteuil district","potentialAction":[{"@type":"SearchAction","target":{"@type":"EntryPoint","urlTemplate":"https:\/\/hotelhome.fr\/?s={search_term_string}"},"query-input":{"@type":"PropertyValueSpecification","valueRequired":true,"valueName":"search_term_string"}}],"inLanguage":"en-GB"}]}},"_links":{"self":[{"href":"https:\/\/hotelhome.fr\/en\/wp-json\/wp\/v2\/pages\/503","targetHints":{"allow":["GET"]}}],"collection":[{"href":"https:\/\/hotelhome.fr\/en\/wp-json\/wp\/v2\/pages"}],"about":[{"href":"https:\/\/hotelhome.fr\/en\/wp-json\/wp\/v2\/types\/page"}],"author":[{"embeddable":true,"href":"https:\/\/hotelhome.fr\/en\/wp-json\/wp\/v2\/users\/1"}],"replies":[{"embeddable":true,"href":"https:\/\/hotelhome.fr\/en\/wp-json\/wp\/v2\/comments?post=503"}],"version-history":[{"count":6,"href":"https:\/\/hotelhome.fr\/en\/wp-json\/wp\/v2\/pages\/503\/revisions"}],"predecessor-version":[{"id":1217,"href":"https:\/\/hotelhome.fr\/en\/wp-json\/wp\/v2\/pages\/503\/revisions\/1217"}],"wp:attachment":[{"href":"https:\/\/hotelhome.fr\/en\/wp-json\/wp\/v2\/media?parent=503"}],"curies":[{"name":"wp","href":"https:\/\/api.w.org\/{rel}","templated":true}]}}