{"id":579,"date":"2024-03-27T15:04:12","date_gmt":"2024-03-27T15:04:12","guid":{"rendered":"https:\/\/hotelhome.fr\/?page_id=579"},"modified":"2024-03-28T13:50:11","modified_gmt":"2024-03-28T13:50:11","slug":"reserver-une-suite-hotel-a-paris-16","status":"publish","type":"page","link":"https:\/\/hotelhome.fr\/en\/reserver-une-suite-hotel-a-paris-16\/","title":{"rendered":"book a hotel suite in paris 16"},"content":{"rendered":"<p>[et_pb_section fb_built=\u00a0\u00bb1&Prime; admin_label=\u00a0\u00bbServices\u00a0\u00bb _builder_version=\u00a0\u00bb4.20.0&Prime; _module_preset=\u00a0\u00bbdefault\u00a0\u00bb custom_padding=\u00a0\u00bb36px||6px|||\u00a0\u00bb collapsed=\u00a0\u00bbon\u00a0\u00bb global_colors_info=\u00a0\u00bb{}\u00a0\u00bb][et_pb_row _builder_version=\u00a0\u00bb4.24.2&Prime; width=\u00a0\u00bb100%\u00a0\u00bb width_tablet=\u00a0\u00bb\u00a0\u00bb width_phone=\u00a0\u00bb80%\u00a0\u00bb width_last_edited=\u00a0\u00bbon|phone\u00a0\u00bb custom_padding=\u00a0\u00bb0px|||||\u00a0\u00bb locked=\u00a0\u00bboff\u00a0\u00bb global_colors_info=\u00a0\u00bb{}\u00a0\u00bb][et_pb_column type=\u00a0\u00bb4_4&Prime; _builder_version=\u00a0\u00bb4.16&Prime; global_colors_info=\u00a0\u00bb{}\u00a0\u00bb][et_pb_text _builder_version=\u00a0\u00bb4.24.2&Prime; text_font_size=\u00a0\u00bb16px\u00a0\u00bb text_line_height=\u00a0\u00bb1.8em\u00a0\u00bb header_2_font=\u00a0\u00bb||||||||\u00a0\u00bb header_2_font_size=\u00a0\u00bb59px\u00a0\u00bb module_alignment=\u00a0\u00bbcenter\u00a0\u00bb custom_margin=\u00a0\u00bb43px||-10px|||\u00a0\u00bb header_2_font_size_tablet=\u00a0\u00bb48px\u00a0\u00bb header_2_font_size_phone=\u00a0\u00bb32px\u00a0\u00bb header_2_font_size_last_edited=\u00a0\u00bbon|phone\u00a0\u00bb global_colors_info=\u00a0\u00bb{}\u00a0\u00bb]<\/p>\n<h2 style=\"text-align: center;\">Our available suites:<\/h2>\n<p style=\"text-align: center;\"><img loading=\"lazy\" decoding=\"async\" src=\"https:\/\/hotelhome.fr\/wp-content\/uploads\/2024\/03\/NicePng_corner-ornament-png_3773327-300x46.png\" width=\"300\" height=\"46\" alt=\"\" class=\"wp-image-146 alignnone size-medium\" style=\"display: block; margin-left: auto; margin-right: auto;\" \/><\/p>\n<p>[\/et_pb_text][\/et_pb_column][\/et_pb_row][et_pb_row use_custom_gutter=\u00a0\u00bbon\u00a0\u00bb gutter_width=\u00a0\u00bb2&Prime; make_equal=\u00a0\u00bbon\u00a0\u00bb _builder_version=\u00a0\u00bb4.24.2&Prime; _module_preset=\u00a0\u00bbdefault\u00a0\u00bb width=\u00a0\u00bb95%\u00a0\u00bb max_width=\u00a0\u00bb1800px\u00a0\u00bb custom_padding=\u00a0\u00bb0px||0px||false|false\u00a0\u00bb animation_style=\u00a0\u00bbfade\u00a0\u00bb global_colors_info=\u00a0\u00bb{}\u00a0\u00bb][et_pb_column type=\u00a0\u00bb4_4&Prime; _builder_version=\u00a0\u00bb4.24.2&Prime; _module_preset=\u00a0\u00bbdefault\u00a0\u00bb custom_padding=\u00a0\u00bb40px|40px|40px|40px|true|true\u00a0\u00bb custom_padding_tablet=\u00a0\u00bb30px|30px|30px|30px|true|true\u00a0\u00bb custom_padding_phone=\u00a0\u00bb0px|0px|0px|0px|true|true\u00a0\u00bb custom_padding_last_edited=\u00a0\u00bbon|phone\u00a0\u00bb border_radii=\u00a0\u00bbon|17px|17px|17px|17px\u00a0\u00bb border_color_all=\u00a0\u00bbgcid-a98e4de7-9914-4c7d-a8d3-981528735fdb\u00a0\u00bb global_colors_info=\u00a0\u00bb{%22gcid-a98e4de7-9914-4c7d-a8d3-981528735fdb%22:%91%22border_color_all%22%93}\u00a0\u00bb][et_pb_code _builder_version=\u00a0\u00bb4.24.2&Prime; _module_preset=\u00a0\u00bbdefault\u00a0\u00bb custom_margin=\u00a0\u00bb0px|0px|0px|0px|false|false\u00a0\u00bb custom_padding=\u00a0\u00bb0px|0px|0px|0px|false|false\u00a0\u00bb hover_enabled=\u00a0\u00bb0&Prime; global_colors_info=\u00a0\u00bb{}\u00a0\u00bb module_alignment=\u00a0\u00bbcenter\u00a0\u00bb max_width=\u00a0\u00bb800px\u00a0\u00bb sticky_enabled=\u00a0\u00bb0&Prime;]<!-- [et_pb_line_break_holder] --><\/p>\n<div id=\"apartmentIframeAll\"><!-- [et_pb_line_break_holder] --><script type=\"text\/javascript\" src=\"https:\/\/login.smoobu.com\/js\/Settings\/BookingToolIframe.js\"><\/script><!-- [et_pb_line_break_holder] --><script>BookingToolIframe.initialize({\"url\": \"https:\/\/login.smoobu.com\/fr\/booking-tool\/iframe\/788279\", \"baseUrl\": \"https:\/\/login.smoobu.com\", \"target\": \"#apartmentIframeAll\"})<\/script><!-- [et_pb_line_break_holder] --><\/div>\n<p><!-- [et_pb_line_break_holder] -->[\/et_pb_code][\/et_pb_column][\/et_pb_row][\/et_pb_section]<\/p>","protected":false},"excerpt":{"rendered":"<p>Our available suites:<\/p>","protected":false},"author":1,"featured_media":0,"parent":0,"menu_order":0,"comment_status":"closed","ping_status":"closed","template":"","meta":{"_et_pb_use_builder":"on","_et_pb_old_content":"","_et_gb_content_width":"","footnotes":""},"class_list":["post-579","page","type-page","status-publish","hentry"],"yoast_head":"<!-- This site is optimized with the Yoast SEO plugin v26.9 - https:\/\/yoast.com\/product\/yoast-seo-wordpress\/ -->\n<title>r\u00e9server une suite hotel \u00e0 paris 16 - H\u00f4telHome Paris 16<\/title>\n<meta name=\"robots\" content=\"index, follow, max-snippet:-1, max-image-preview:large, max-video-preview:-1\" \/>\n<link rel=\"canonical\" href=\"https:\/\/hotelhome.fr\/en\/reserver-une-suite-hotel-a-paris-16\/\" \/>\n<meta property=\"og:locale\" content=\"en_GB\" \/>\n<meta property=\"og:type\" content=\"article\" \/>\n<meta property=\"og:title\" content=\"r\u00e9server une suite hotel \u00e0 paris 16 - H\u00f4telHome Paris 16\" \/>\n<meta property=\"og:description\" content=\"Nos suites disponibles :\" \/>\n<meta property=\"og:url\" content=\"https:\/\/hotelhome.fr\/en\/reserver-une-suite-hotel-a-paris-16\/\" \/>\n<meta property=\"og:site_name\" content=\"H\u00f4telHome Paris 16\" \/>\n<meta property=\"article:modified_time\" content=\"2024-03-28T13:50:11+00:00\" \/>\n<meta property=\"og:image\" content=\"https:\/\/hotelhome.fr\/wp-content\/uploads\/2024\/03\/NicePng_corner-ornament-png_3773327-300x46.png\" \/>\n<meta name=\"twitter:card\" content=\"summary_large_image\" \/>\n<meta name=\"twitter:label1\" content=\"Estimated reading time\" \/>\n\t<meta name=\"twitter:data1\" content=\"1 minute\" \/>\n<script type=\"application\/ld+json\" class=\"yoast-schema-graph\">{\"@context\":\"https:\/\/schema.org\",\"@graph\":[{\"@type\":\"WebPage\",\"@id\":\"https:\/\/hotelhome.fr\/reserver-une-suite-hotel-a-paris-16\/\",\"url\":\"https:\/\/hotelhome.fr\/reserver-une-suite-hotel-a-paris-16\/\",\"name\":\"r\u00e9server une suite hotel \u00e0 paris 16 - H\u00f4telHome Paris 16\",\"isPartOf\":{\"@id\":\"https:\/\/hotelhome.fr\/#website\"},\"primaryImageOfPage\":{\"@id\":\"https:\/\/hotelhome.fr\/reserver-une-suite-hotel-a-paris-16\/#primaryimage\"},\"image\":{\"@id\":\"https:\/\/hotelhome.fr\/reserver-une-suite-hotel-a-paris-16\/#primaryimage\"},\"thumbnailUrl\":\"https:\/\/hotelhome.fr\/wp-content\/uploads\/2024\/03\/NicePng_corner-ornament-png_3773327-300x46.png\",\"datePublished\":\"2024-03-27T15:04:12+00:00\",\"dateModified\":\"2024-03-28T13:50:11+00:00\",\"breadcrumb\":{\"@id\":\"https:\/\/hotelhome.fr\/reserver-une-suite-hotel-a-paris-16\/#breadcrumb\"},\"inLanguage\":\"en-GB\",\"potentialAction\":[{\"@type\":\"ReadAction\",\"target\":[\"https:\/\/hotelhome.fr\/reserver-une-suite-hotel-a-paris-16\/\"]}]},{\"@type\":\"ImageObject\",\"inLanguage\":\"en-GB\",\"@id\":\"https:\/\/hotelhome.fr\/reserver-une-suite-hotel-a-paris-16\/#primaryimage\",\"url\":\"https:\/\/hotelhome.fr\/wp-content\/uploads\/2024\/03\/NicePng_corner-ornament-png_3773327-300x46.png\",\"contentUrl\":\"https:\/\/hotelhome.fr\/wp-content\/uploads\/2024\/03\/NicePng_corner-ornament-png_3773327-300x46.png\"},{\"@type\":\"BreadcrumbList\",\"@id\":\"https:\/\/hotelhome.fr\/reserver-une-suite-hotel-a-paris-16\/#breadcrumb\",\"itemListElement\":[{\"@type\":\"ListItem\",\"position\":1,\"name\":\"Accueil\",\"item\":\"https:\/\/hotelhome.fr\/\"},{\"@type\":\"ListItem\",\"position\":2,\"name\":\"r\u00e9server une suite hotel \u00e0 paris 16\"}]},{\"@type\":\"WebSite\",\"@id\":\"https:\/\/hotelhome.fr\/#website\",\"url\":\"https:\/\/hotelhome.fr\/\",\"name\":\"H\u00f4telHome Paris 16\",\"description\":\"H\u00f4tel du 16\u00e8me arrondissement \u00e0 Paris quartier d&#039;auteuil\",\"potentialAction\":[{\"@type\":\"SearchAction\",\"target\":{\"@type\":\"EntryPoint\",\"urlTemplate\":\"https:\/\/hotelhome.fr\/?s={search_term_string}\"},\"query-input\":{\"@type\":\"PropertyValueSpecification\",\"valueRequired\":true,\"valueName\":\"search_term_string\"}}],\"inLanguage\":\"en-GB\"}]}<\/script>\n<!-- \/ Yoast SEO plugin. -->","yoast_head_json":{"title":"r\u00e9server une suite hotel \u00e0 paris 16 - H\u00f4telHome Paris 16","robots":{"index":"index","follow":"follow","max-snippet":"max-snippet:-1","max-image-preview":"max-image-preview:large","max-video-preview":"max-video-preview:-1"},"canonical":"https:\/\/hotelhome.fr\/en\/reserver-une-suite-hotel-a-paris-16\/","og_locale":"en_GB","og_type":"article","og_title":"r\u00e9server une suite hotel \u00e0 paris 16 - H\u00f4telHome Paris 16","og_description":"Nos suites disponibles :","og_url":"https:\/\/hotelhome.fr\/en\/reserver-une-suite-hotel-a-paris-16\/","og_site_name":"H\u00f4telHome Paris 16","article_modified_time":"2024-03-28T13:50:11+00:00","og_image":[{"url":"https:\/\/hotelhome.fr\/wp-content\/uploads\/2024\/03\/NicePng_corner-ornament-png_3773327-300x46.png","type":"","width":"","height":""}],"twitter_card":"summary_large_image","twitter_misc":{"Estimated reading time":"1 minute"},"schema":{"@context":"https:\/\/schema.org","@graph":[{"@type":"WebPage","@id":"https:\/\/hotelhome.fr\/reserver-une-suite-hotel-a-paris-16\/","url":"https:\/\/hotelhome.fr\/reserver-une-suite-hotel-a-paris-16\/","name":"r\u00e9server une suite hotel \u00e0 paris 16 - H\u00f4telHome Paris 16","isPartOf":{"@id":"https:\/\/hotelhome.fr\/#website"},"primaryImageOfPage":{"@id":"https:\/\/hotelhome.fr\/reserver-une-suite-hotel-a-paris-16\/#primaryimage"},"image":{"@id":"https:\/\/hotelhome.fr\/reserver-une-suite-hotel-a-paris-16\/#primaryimage"},"thumbnailUrl":"https:\/\/hotelhome.fr\/wp-content\/uploads\/2024\/03\/NicePng_corner-ornament-png_3773327-300x46.png","datePublished":"2024-03-27T15:04:12+00:00","dateModified":"2024-03-28T13:50:11+00:00","breadcrumb":{"@id":"https:\/\/hotelhome.fr\/reserver-une-suite-hotel-a-paris-16\/#breadcrumb"},"inLanguage":"en-GB","potentialAction":[{"@type":"ReadAction","target":["https:\/\/hotelhome.fr\/reserver-une-suite-hotel-a-paris-16\/"]}]},{"@type":"ImageObject","inLanguage":"en-GB","@id":"https:\/\/hotelhome.fr\/reserver-une-suite-hotel-a-paris-16\/#primaryimage","url":"https:\/\/hotelhome.fr\/wp-content\/uploads\/2024\/03\/NicePng_corner-ornament-png_3773327-300x46.png","contentUrl":"https:\/\/hotelhome.fr\/wp-content\/uploads\/2024\/03\/NicePng_corner-ornament-png_3773327-300x46.png"},{"@type":"BreadcrumbList","@id":"https:\/\/hotelhome.fr\/reserver-une-suite-hotel-a-paris-16\/#breadcrumb","itemListElement":[{"@type":"ListItem","position":1,"name":"Accueil","item":"https:\/\/hotelhome.fr\/"},{"@type":"ListItem","position":2,"name":"r\u00e9server une suite hotel \u00e0 paris 16"}]},{"@type":"WebSite","@id":"https:\/\/hotelhome.fr\/#website","url":"https:\/\/hotelhome.fr\/","name":"HotelHome Paris 16","description":"Hotel in the 16th arrondissement in Paris, Auteuil district","potentialAction":[{"@type":"SearchAction","target":{"@type":"EntryPoint","urlTemplate":"https:\/\/hotelhome.fr\/?s={search_term_string}"},"query-input":{"@type":"PropertyValueSpecification","valueRequired":true,"valueName":"search_term_string"}}],"inLanguage":"en-GB"}]}},"_links":{"self":[{"href":"https:\/\/hotelhome.fr\/en\/wp-json\/wp\/v2\/pages\/579","targetHints":{"allow":["GET"]}}],"collection":[{"href":"https:\/\/hotelhome.fr\/en\/wp-json\/wp\/v2\/pages"}],"about":[{"href":"https:\/\/hotelhome.fr\/en\/wp-json\/wp\/v2\/types\/page"}],"author":[{"embeddable":true,"href":"https:\/\/hotelhome.fr\/en\/wp-json\/wp\/v2\/users\/1"}],"replies":[{"embeddable":true,"href":"https:\/\/hotelhome.fr\/en\/wp-json\/wp\/v2\/comments?post=579"}],"version-history":[{"count":13,"href":"https:\/\/hotelhome.fr\/en\/wp-json\/wp\/v2\/pages\/579\/revisions"}],"predecessor-version":[{"id":604,"href":"https:\/\/hotelhome.fr\/en\/wp-json\/wp\/v2\/pages\/579\/revisions\/604"}],"wp:attachment":[{"href":"https:\/\/hotelhome.fr\/en\/wp-json\/wp\/v2\/media?parent=579"}],"curies":[{"name":"wp","href":"https:\/\/api.w.org\/{rel}","templated":true}]}}