{"id":839,"date":"2024-06-06T13:09:12","date_gmt":"2024-06-06T13:09:12","guid":{"rendered":"https:\/\/hotelhome.fr\/?page_id=839"},"modified":"2024-06-06T13:09:12","modified_gmt":"2024-06-06T13:09:12","slug":"cguv","status":"publish","type":"page","link":"https:\/\/hotelhome.fr\/en\/cguv\/","title":{"rendered":"cguv"},"content":{"rendered":"<p>[et_pb_section fb_built= \u00bb1\u2033 theme_builder_area= \u00bbpost_content \u00bb _builder_version= \u00bb4.25.1\u2033 _module_preset= \u00bbdefault \u00bb custom_padding= \u00bb5px||||| \u00bb][et_pb_row _builder_version= \u00bb4.25.1\u2033 _module_preset= \u00bbdefault \u00bb theme_builder_area= \u00bbpost_content \u00bb][et_pb_column _builder_version= \u00bb4.25.1\u2033 _module_preset= \u00bbdefault \u00bb type= \u00bb4_4\u2033 theme_builder_area= \u00bbpost_content \u00bb][et_pb_text _builder _version = \u00bb4.25.1\u2033 _module_preset= \u00bbdefault \u00bb theme_builder_area= \u00bbpost_content \u00bb hover_enabled= \u00bb0\u2033 sticky_enabled= \u00bb0\u2033 custom_margin= \u00bb0px||||false|false \u00bb]<\/p>\n<div class=\"vc-row-container container\">\n<div class=\"vc_row wpb_row vc_row-fluid\">\n<div class=\"wpb_column vc_column_container vc_col-sm-12\">\n<div class=\"vc_column-inner\">\n<div class=\"wpb_wrapper\">\n<div class=\"wpb_text_column wpb_content_element  post-formatting\">\n<div class=\"wpb_wrapper\">\n<h1 style=\"text-align: center;\">Reservation and cancellation conditions<\/h1>\n<\/div>\n<\/div>\n<\/div>\n<\/div>\n<\/div>\n<\/div>\n<\/div>\n<p>[\/et_pb_text][\/et_pb_column][\/et_pb_row][et_pb_row _builder_version= \u00bb4.25.1\u2033 _module_preset= \u00bbdefault \u00bb theme_builder_area= \u00bbpost_content \u00bb column_structure= \u00bb1_2,1_2\u2033 hover_enabled= \u00bb0\u2033 sticky_enabled= \u00bb0\u2033 max_width= \u00bb1500px \u00bb][et_pb_column _builder_version= \u00bb4.25.1\u2033 _module_preset= \u00bbdefault \u00bb type= \u00bb1_2\u2033 theme_builder_area= \u00bbpost_content \u00bb][et_pb_text _builder_version= \u00bb4.25.1\u2033 _module_preset= \u00bbdefault \u00bb theme_builder_area= \u00bbpost_content \u00bb hover_enable d= \u00bb0\u2033 sticky_enabled= \u00bb0\u2033]<\/p>\n<h3>Booking conditions<\/h3>\n<p><strong>The confirmation must include:<\/strong><\/p>\n<ul>\n<li>the name of the person or company renting the reserved apartment(s)<\/li>\n<li>arrival date<\/li>\n<li>arrival time to organize our schedule at reception.<\/li>\n<\/ul>\n<p>Please notify us in the event of late arrival so that we can inform you of the access code to the building, so that you can enter the residence and find a welcome letter and your access cards to the reserved apartment.<\/p>\n<ul>\n<li>the departure date and the number of nights of the stay<\/li>\n<li>the type of apartment reserved and the number of people who will occupy it<\/li>\n<li>the hotel services requested (baby bed, high chair, and perhaps also certain foods that you would like to find when you arrive)<\/li>\n<li>the agreed rates (established according to the number of people and the length of stay)<\/li>\n<li>the details of the credit card used for payment (card type, number, expiry date and cryptogram).<\/li>\n<\/ul>\n<p>Please allow 3 % extra for any payment by American Express.<\/p>\n<p><strong>Deposits:<\/strong><\/p>\n<p>Any reservation at the prices displayed, cancellable and refundable, must be accompanied by a deposit corresponding to 30 % of the total amount of the stay.<br \/>Reservations are only considered firm upon receipt of the corresponding deposit.<br \/>When the customer arrives, a guarantee will be requested, in the form of a credit card imprint or cash deposit.<\/p>\n<h3>Non refundable<\/h3>\n<p>Any stay booked with promotions linked to the length of stay and the additional discount for non-cancelable and non-refundable stays must be paid in full to benefit from the planned discounts.<br \/>These stays are not refunded in the event of cancellation, no-show or early departure.<\/p>\n<p>\u2013 15 % discount on the best available price for any reservation confirmed and paid at the time of booking. This discount even applies to a stay of one or two nights.<\/p>\n<p>[\/et_pb_text][\/et_pb_column] 1\u2033 _module_preset= \u00bbdefault \u00bb theme_builder_area= \u00bbpost_content \u00bb hover_enabled= \u00bb0\u2033 sticky_enabled= \u00bb0\u2033]<\/p>\n<div class=\"wpb_text_column wpb_content_element  post-formatting\">\n<div class=\"wpb_wrapper\">\n<h3>Cancellation conditions \u2013 No show policy<\/h3>\n<p>Any cancellation of the reservation must be notified in writing to HotelHome Paris 16 by fax, email or post, the date of receipt (before 2 p.m. \u2013 Paris time) serving as the date of cancellation.<\/p>\n<p>HotelHome Paris 16 will withhold the deposit received or in the absence of a deposit it will be paid to the customer&#039;s credit card or paid by the company that made the reservation.<\/p>\n<p>Stays having benefited from discounts linked to the length of stay and \u201cNon-refundable\u201d are not refunded in the event of cancellation, no-show or early departure.<\/p>\n<p>For any cancelable and refundable stay, it will be retained<\/p>\n<ul>\n<li>30 % of the total stay if the cancellation is received between 1 and 2 days before the scheduled arrival date,<\/li>\n<li>100 % of the total stay if the cancellation is received less than one day before the scheduled arrival date.<\/li>\n<\/ul>\n<h3>No show or early departure<\/h3>\n<p>In the event of a no-show, cancellation without notice and non-arrival of the client, the entire planned stay will be due by the client or the company having made the reservation.<br \/>Any apartment booked will be charged in full, even in the case of early departure.<\/p>\n<p>For any medium or long stay (more than five nights), we ask our guests to pay each week, either by paying a deposit or by paying their invoice.<\/p>\n<\/div>\n<\/div>\n<div class=\"vc_empty_space\"><span class=\"vc_empty_space_inner\"><\/span><\/div>\n<div class=\"wpb_text_column wpb_content_element  post-formatting\">\n<div class=\"wpb_wrapper\">\n<p><strong>We also thank you for presenting your identity document (which we will photocopy) and your payment card (which we will also photocopy) as guarantee of your payment.<\/strong><\/p>\n<p><strong>These formalities must be completed to guarantee your peace of mind and ours.<\/strong><br \/><strong>Thank you for your trust and understanding.<\/strong><\/p>\n<\/div>\n<\/div>\n<p>[\/et_pb_text][\/et_pb_column][\/et_pb_row][\/et_pb_section]<\/p>","protected":false},"excerpt":{"rendered":"<p>Booking and cancellation conditions Booking conditions The confirmation must include: the name of the person or company renting the reserved apartment(s) the arrival date the arrival time to organize our reception schedule. Please notify us in case of late arrival so that we can inform you of the code [\u2026]<\/p>","protected":false},"author":1,"featured_media":0,"parent":0,"menu_order":0,"comment_status":"closed","ping_status":"closed","template":"","meta":{"_et_pb_use_builder":"on","_et_pb_old_content":"","_et_gb_content_width":"","footnotes":""},"class_list":["post-839","page","type-page","status-publish","hentry"],"yoast_head":"<!-- This site is optimized with the Yoast SEO plugin v26.9 - https:\/\/yoast.com\/product\/yoast-seo-wordpress\/ -->\n<title>cguv - H\u00f4telHome Paris 16<\/title>\n<meta name=\"robots\" content=\"index, follow, max-snippet:-1, max-image-preview:large, max-video-preview:-1\" \/>\n<link rel=\"canonical\" href=\"https:\/\/hotelhome.fr\/en\/cguv\/\" \/>\n<meta property=\"og:locale\" content=\"en_GB\" \/>\n<meta property=\"og:type\" content=\"article\" \/>\n<meta property=\"og:title\" content=\"cguv - H\u00f4telHome Paris 16\" \/>\n<meta property=\"og:description\" content=\"Conditions de r\u00e9servation et d\u2019annulation Conditions de r\u00e9servation La confirmation doit comprendre : le nom de la personne ou de la soci\u00e9t\u00e9 qui loue le ou les appartements r\u00e9serv\u00e9s la date d\u2019arriv\u00e9e l\u2019heure d\u2019arriv\u00e9e pour organiser notre planning en r\u00e9ception. Merci de nous pr\u00e9venir en cas d\u2019arriv\u00e9e tardive afin que nous vous informions du code [&hellip;]\" \/>\n<meta property=\"og:url\" content=\"https:\/\/hotelhome.fr\/en\/cguv\/\" \/>\n<meta property=\"og:site_name\" content=\"H\u00f4telHome Paris 16\" \/>\n<meta name=\"twitter:card\" content=\"summary_large_image\" \/>\n<meta name=\"twitter:label1\" content=\"Estimated reading time\" \/>\n\t<meta name=\"twitter:data1\" content=\"4 minutes\" \/>\n<script type=\"application\/ld+json\" class=\"yoast-schema-graph\">{\"@context\":\"https:\/\/schema.org\",\"@graph\":[{\"@type\":\"WebPage\",\"@id\":\"https:\/\/hotelhome.fr\/cguv\/\",\"url\":\"https:\/\/hotelhome.fr\/cguv\/\",\"name\":\"cguv - H\u00f4telHome Paris 16\",\"isPartOf\":{\"@id\":\"https:\/\/hotelhome.fr\/#website\"},\"datePublished\":\"2024-06-06T13:09:12+00:00\",\"breadcrumb\":{\"@id\":\"https:\/\/hotelhome.fr\/cguv\/#breadcrumb\"},\"inLanguage\":\"en-GB\",\"potentialAction\":[{\"@type\":\"ReadAction\",\"target\":[\"https:\/\/hotelhome.fr\/cguv\/\"]}]},{\"@type\":\"BreadcrumbList\",\"@id\":\"https:\/\/hotelhome.fr\/cguv\/#breadcrumb\",\"itemListElement\":[{\"@type\":\"ListItem\",\"position\":1,\"name\":\"Accueil\",\"item\":\"https:\/\/hotelhome.fr\/\"},{\"@type\":\"ListItem\",\"position\":2,\"name\":\"cguv\"}]},{\"@type\":\"WebSite\",\"@id\":\"https:\/\/hotelhome.fr\/#website\",\"url\":\"https:\/\/hotelhome.fr\/\",\"name\":\"H\u00f4telHome Paris 16\",\"description\":\"H\u00f4tel du 16\u00e8me arrondissement \u00e0 Paris quartier d&#039;auteuil\",\"potentialAction\":[{\"@type\":\"SearchAction\",\"target\":{\"@type\":\"EntryPoint\",\"urlTemplate\":\"https:\/\/hotelhome.fr\/?s={search_term_string}\"},\"query-input\":{\"@type\":\"PropertyValueSpecification\",\"valueRequired\":true,\"valueName\":\"search_term_string\"}}],\"inLanguage\":\"en-GB\"}]}<\/script>\n<!-- \/ Yoast SEO plugin. -->","yoast_head_json":{"title":"cguv - H\u00f4telHome Paris 16","robots":{"index":"index","follow":"follow","max-snippet":"max-snippet:-1","max-image-preview":"max-image-preview:large","max-video-preview":"max-video-preview:-1"},"canonical":"https:\/\/hotelhome.fr\/en\/cguv\/","og_locale":"en_GB","og_type":"article","og_title":"cguv - H\u00f4telHome Paris 16","og_description":"Conditions de r\u00e9servation et d\u2019annulation Conditions de r\u00e9servation La confirmation doit comprendre : le nom de la personne ou de la soci\u00e9t\u00e9 qui loue le ou les appartements r\u00e9serv\u00e9s la date d\u2019arriv\u00e9e l\u2019heure d\u2019arriv\u00e9e pour organiser notre planning en r\u00e9ception. Merci de nous pr\u00e9venir en cas d\u2019arriv\u00e9e tardive afin que nous vous informions du code [&hellip;]","og_url":"https:\/\/hotelhome.fr\/en\/cguv\/","og_site_name":"H\u00f4telHome Paris 16","twitter_card":"summary_large_image","twitter_misc":{"Estimated reading time":"4 minutes"},"schema":{"@context":"https:\/\/schema.org","@graph":[{"@type":"WebPage","@id":"https:\/\/hotelhome.fr\/cguv\/","url":"https:\/\/hotelhome.fr\/cguv\/","name":"cguv - H\u00f4telHome Paris 16","isPartOf":{"@id":"https:\/\/hotelhome.fr\/#website"},"datePublished":"2024-06-06T13:09:12+00:00","breadcrumb":{"@id":"https:\/\/hotelhome.fr\/cguv\/#breadcrumb"},"inLanguage":"en-GB","potentialAction":[{"@type":"ReadAction","target":["https:\/\/hotelhome.fr\/cguv\/"]}]},{"@type":"BreadcrumbList","@id":"https:\/\/hotelhome.fr\/cguv\/#breadcrumb","itemListElement":[{"@type":"ListItem","position":1,"name":"Accueil","item":"https:\/\/hotelhome.fr\/"},{"@type":"ListItem","position":2,"name":"cguv"}]},{"@type":"WebSite","@id":"https:\/\/hotelhome.fr\/#website","url":"https:\/\/hotelhome.fr\/","name":"HotelHome Paris 16","description":"Hotel in the 16th arrondissement in Paris, Auteuil district","potentialAction":[{"@type":"SearchAction","target":{"@type":"EntryPoint","urlTemplate":"https:\/\/hotelhome.fr\/?s={search_term_string}"},"query-input":{"@type":"PropertyValueSpecification","valueRequired":true,"valueName":"search_term_string"}}],"inLanguage":"en-GB"}]}},"_links":{"self":[{"href":"https:\/\/hotelhome.fr\/en\/wp-json\/wp\/v2\/pages\/839","targetHints":{"allow":["GET"]}}],"collection":[{"href":"https:\/\/hotelhome.fr\/en\/wp-json\/wp\/v2\/pages"}],"about":[{"href":"https:\/\/hotelhome.fr\/en\/wp-json\/wp\/v2\/types\/page"}],"author":[{"embeddable":true,"href":"https:\/\/hotelhome.fr\/en\/wp-json\/wp\/v2\/users\/1"}],"replies":[{"embeddable":true,"href":"https:\/\/hotelhome.fr\/en\/wp-json\/wp\/v2\/comments?post=839"}],"version-history":[{"count":2,"href":"https:\/\/hotelhome.fr\/en\/wp-json\/wp\/v2\/pages\/839\/revisions"}],"predecessor-version":[{"id":841,"href":"https:\/\/hotelhome.fr\/en\/wp-json\/wp\/v2\/pages\/839\/revisions\/841"}],"wp:attachment":[{"href":"https:\/\/hotelhome.fr\/en\/wp-json\/wp\/v2\/media?parent=839"}],"curies":[{"name":"wp","href":"https:\/\/api.w.org\/{rel}","templated":true}]}}